{"id":97,"date":"2024-07-30T09:39:20","date_gmt":"2024-07-30T09:39:20","guid":{"rendered":"https:\/\/joseptorrents.pro\/?page_id=97"},"modified":"2024-10-23T16:09:26","modified_gmt":"2024-10-23T16:09:26","slug":"terapia-dorientacio-psicoanalitica","status":"publish","type":"page","link":"https:\/\/joseptorrents.pro\/es\/terapia-dorientacio-psicoanalitica\/","title":{"rendered":"Terapia de orientaci\u00f3n Psicoanal\u00edtica"},"content":{"rendered":"<div data-elementor-type=\"wp-page\" data-elementor-id=\"97\" class=\"elementor elementor-97\" data-elementor-post-type=\"page\">\n\t\t\t\t<div data-particle_enable=\"false\" data-particle-mobile-disabled=\"false\" class=\"elementor-element elementor-element-e3035c1 e-flex e-con-boxed e-con e-parent\" data-id=\"e3035c1\" data-element_type=\"container\">\n\t\t\t\t\t<div class=\"e-con-inner\">\n\t\t\t\t<div class=\"elementor-element elementor-element-711c4eb elementor-widget elementor-widget-heading\" data-id=\"711c4eb\" data-element_type=\"widget\" data-widget_type=\"heading.default\">\n\t\t\t\t<div class=\"elementor-widget-container\">\n\t\t\t<style>\/*! elementor - v3.23.0 - 23-07-2024 *\/\n.elementor-heading-title{padding:0;margin:0;line-height:1}.elementor-widget-heading .elementor-heading-title[class*=elementor-size-]>a{color:inherit;font-size:inherit;line-height:inherit}.elementor-widget-heading .elementor-heading-title.elementor-size-small{font-size:15px}.elementor-widget-heading .elementor-heading-title.elementor-size-medium{font-size:19px}.elementor-widget-heading .elementor-heading-title.elementor-size-large{font-size:29px}.elementor-widget-heading .elementor-heading-title.elementor-size-xl{font-size:39px}.elementor-widget-heading .elementor-heading-title.elementor-size-xxl{font-size:59px}<\/style><h2 class=\"elementor-heading-title elementor-size-default\">TER\u00c0PIA ORIENTACI\u00d3 PSICOANALITICA<\/h2>\t\t<\/div>\n\t\t\t\t<\/div>\n\t\t\t\t<div class=\"elementor-element elementor-element-6189df4 elementor-widget elementor-widget-image\" data-id=\"6189df4\" data-element_type=\"widget\" data-widget_type=\"image.default\">\n\t\t\t\t<div class=\"elementor-widget-container\">\n\t\t\t<style>\/*! elementor - v3.23.0 - 23-07-2024 *\/\n.elementor-widget-image{text-align:center}.elementor-widget-image a{display:inline-block}.elementor-widget-image a img[src$=\".svg\"]{width:48px}.elementor-widget-image img{vertical-align:middle;display:inline-block}<\/style>\t\t\t\t\t\t\t\t\t\t<img fetchpriority=\"high\" decoding=\"async\" width=\"682\" height=\"1024\" src=\"https:\/\/joseptorrents.pro\/wp-content\/uploads\/2024\/10\/unnamed-3-682x1024.jpg\" class=\"attachment-large size-large wp-image-1249\" alt=\"\" srcset=\"https:\/\/joseptorrents.pro\/wp-content\/uploads\/2024\/10\/unnamed-3-682x1024.jpg 682w, https:\/\/joseptorrents.pro\/wp-content\/uploads\/2024\/10\/unnamed-3-200x300.jpg 200w, https:\/\/joseptorrents.pro\/wp-content\/uploads\/2024\/10\/unnamed-3-768x1153.jpg 768w, https:\/\/joseptorrents.pro\/wp-content\/uploads\/2024\/10\/unnamed-3-1023x1536.jpg 1023w, https:\/\/joseptorrents.pro\/wp-content\/uploads\/2024\/10\/unnamed-3-8x12.jpg 8w, https:\/\/joseptorrents.pro\/wp-content\/uploads\/2024\/10\/unnamed-3.jpg 1066w\" sizes=\"(max-width: 682px) 100vw, 682px\" \/>\t\t\t\t\t\t\t\t\t\t\t\t\t<\/div>\n\t\t\t\t<\/div>\n\t\t\t\t<div class=\"elementor-element elementor-element-c757aba elementor-widget elementor-widget-text-editor\" data-id=\"c757aba\" data-element_type=\"widget\" data-widget_type=\"text-editor.default\">\n\t\t\t\t<div class=\"elementor-widget-container\">\n\t\t\t<style>\/*! elementor - v3.23.0 - 23-07-2024 *\/\n.elementor-widget-text-editor.elementor-drop-cap-view-stacked .elementor-drop-cap{background-color:#69727d;color:#fff}.elementor-widget-text-editor.elementor-drop-cap-view-framed .elementor-drop-cap{color:#69727d;border:3px solid;background-color:transparent}.elementor-widget-text-editor:not(.elementor-drop-cap-view-default) .elementor-drop-cap{margin-top:8px}.elementor-widget-text-editor:not(.elementor-drop-cap-view-default) .elementor-drop-cap-letter{width:1em;height:1em}.elementor-widget-text-editor .elementor-drop-cap{float:left;text-align:center;line-height:1;font-size:50px}.elementor-widget-text-editor .elementor-drop-cap-letter{display:inline-block}<\/style>\t\t\t\t<p class=\"cvGsUA direction-ltr align-start para-style-body\"><span class=\"OYPEnA font-feature-liga-off font-feature-clig-off font-feature-calt-off text-decoration-none text-strikethrough-none\">La psicoter\u00e0pia d\u2019orientaci\u00f3 psicoanal\u00edtica, va ser fundada per Sigmund Freud a principis del segle XX, i es basa en l&#8217;exploraci\u00f3 dels processos inconscients per comprendre i tractar els conflictes psicol\u00f2gics que afecten el benestar emocional i conductual de les persones. A difer\u00e8ncia d&#8217;altres ter\u00e0pies que s&#8217;enfoquen en el present i els comportaments observables, la psicoter\u00e0pia psicoanal\u00edtica d\u00f3na gran import\u00e0ncia al passat, a les experi\u00e8ncies primerenques de la inf\u00e0ncia i a com poden estar modelant el comportament actual de l&#8217;individu.<\/span><\/p><p class=\"cvGsUA direction-ltr align-start para-style-body\"><span class=\"OYPEnA font-feature-liga-off font-feature-clig-off font-feature-calt-off text-decoration-none text-strikethrough-none\">L\u2019aparici\u00f3 d\u2019aquesta psicoter\u00e0pia, es a dir de la psicoan\u00e0lisi, esdev\u00e9 un veritable gir copernic\u00e0 at\u00e8s que fins aleshores, la consci\u00e8ncia havia estat el centre de la persona humana i tot girava entorn seu. D\u2019en\u00e7\u00e0 dels descobriments de Sigmund Freud (1856-1939), metge, neur\u00f2leg i creador d\u2019un nou esquema psicol\u00f2gic, la psicoan\u00e0lisi, l\u2019ordre es capgira i la consci\u00e8ncia gira tamb\u00e9 al voltant del veritable centre del psiquisme hum\u00e0: l\u2019inconscient, una revoluci\u00f3 com la que va dur a terme Nicolau Cop\u00e8rnic quan va argumentar que era la Terra la que girava al voltant del Sol.<\/span><\/p><p class=\"cvGsUA direction-ltr align-start para-style-body\"><span class=\"OYPEnA font-feature-liga-off font-feature-clig-off font-feature-calt-off text-decoration-none text-strikethrough-none\">Segons Sigmund Freud la paraula psicoan\u00e0lisi designa diversos aspectes:<\/span><\/p><p class=\"cvGsUA direction-ltr align-start para-style-body\"><span class=\"OYPEnA font-feature-liga-off font-feature-clig-off font-feature-calt-off text-decoration-none text-strikethrough-none\">\u2022 Un m\u00e8tode d\u2019investigaci\u00f3 i an\u00e0lisi de certs processos mentals, pr\u00e0cticament inaccessibles per a qualsevol altre cam\u00ed.<\/span><\/p><p class=\"cvGsUA direction-ltr align-start para-style-body\"><span class=\"OYPEnA font-feature-liga-off font-feature-clig-off font-feature-calt-off text-decoration-none text-strikethrough-none\">\u2022 Una t\u00e8cnica de tractament dels trastorns neur\u00f2tics basada en el mateix m\u00e8tode d\u2019investigaci\u00f3.<\/span><\/p><p class=\"cvGsUA direction-ltr align-start para-style-body\"><span class=\"OYPEnA font-feature-liga-off font-feature-clig-off font-feature-calt-off text-decoration-none text-strikethrough-none\">\u2022 Un nou corpus en el saber psicol\u00f2gic. \u00c9s a dir: la formaci\u00f3 d\u2019una nova disciplina cient\u00edfica.<\/span><\/p><p class=\"cvGsUA direction-ltr align-start para-style-body\"><span class=\"OYPEnA font-feature-liga-off font-feature-clig-off font-feature-calt-off text-decoration-none text-strikethrough-none\">\u2022 L\u2019estudi de l\u2019inconscient.<\/span><\/p><p class=\"cvGsUA direction-ltr align-start para-style-body\">\u00a0<\/p><p class=\"cvGsUA direction-ltr align-start para-style-body\"><span class=\"OYPEnA font-feature-liga-off font-feature-clig-off font-feature-calt-off text-decoration-none text-strikethrough-none\">Principis b\u00e0sics de la psicoter\u00e0pia d&#8217;orientaci\u00f3 psicoanal\u00edtica<\/span><\/p><h2 class=\"cvGsUA direction-ltr align-start para-style-body\"><strong><span style=\"text-decoration: underline;\"><span class=\"OYPEnA font-feature-liga-off font-feature-clig-off font-feature-calt-off text-decoration-underline text-strikethrough-none\">1. L&#8217;Inconscient:<\/span><\/span><\/strong><\/h2><p class=\"cvGsUA direction-ltr align-start para-style-body\"><span class=\"OYPEnA font-feature-liga-off font-feature-clig-off font-feature-calt-off text-decoration-none text-strikethrough-none\">Freud va postular que la ment humana est\u00e0 dividida en dos nivells: el conscient i l&#8217;inconscient. El conscient acull els pensaments i records dels que som conscients, mentre que l&#8217;inconscient guarda tot all\u00f2 que reprimim o no som plenament conscients, com ara experi\u00e8ncies traum\u00e0tiques, desitjos i conflictes. La psicoter\u00e0pia psicoanal\u00edtica cerca accedir al material inconscient per comprendre la seva influ\u00e8ncia en el comportament actual del pacient.<\/span><\/p><h2 class=\"cvGsUA direction-ltr align-start para-style-body\"><strong><span style=\"text-decoration: underline;\"><span class=\"OYPEnA font-feature-liga-off font-feature-clig-off font-feature-calt-off text-decoration-underline text-strikethrough-none\">2. La Pulsi\u00f3:<\/span><\/span><\/strong><\/h2><p class=\"cvGsUA direction-ltr align-start para-style-body\"><span class=\"OYPEnA font-feature-liga-off font-feature-clig-off font-feature-calt-off text-decoration-none text-strikethrough-none\">Freud tamb\u00e9 va proposar el concepte de pulsi\u00f3, una for\u00e7a din\u00e0mica que motiva el comportament hum\u00e0. Les pulsions prim\u00e0ries, segons Freud, s\u00f3n la pulsi\u00f3 sexual (libido) i la pulsi\u00f3 agressiva (tanats). Aquestes pulsions busquen ser satisfetes, i si no es canalitzen adequadament, poden generar ansietat i conflictes interns.<\/span><\/p><h2 class=\"cvGsUA direction-ltr align-start para-style-body\"><strong><span style=\"text-decoration: underline;\"><span class=\"OYPEnA font-feature-liga-off font-feature-clig-off font-feature-calt-off text-decoration-underline text-strikethrough-none\">3. Mecanismes de Defensa:<\/span><\/span><\/strong><\/h2><p class=\"cvGsUA direction-ltr align-start para-style-body\"><span class=\"OYPEnA font-feature-liga-off font-feature-clig-off font-feature-calt-off text-decoration-none text-strikethrough-none\">Per protegir-vos de l&#8217;ansietat i el malestar que poden generar les pulsions i les experi\u00e8ncies traum\u00e0tiques, l&#8217;individu desenvolupa mecanismes de defensa. Aquests mecanismes s\u00f3n estrat\u00e8gies inconscients que distorsionen la realitat per fer-la m\u00e9s tolerable. Alguns mecanismes de defensa comuns s\u00f3n la negaci\u00f3, la repressi\u00f3, la projecci\u00f3, la introjecci\u00f3, la retroflexi\u00f3 i la racionalitzaci\u00f3.<\/span><\/p><h2 class=\"cvGsUA direction-ltr align-start para-style-body\"><strong><span style=\"text-decoration: underline;\"><span class=\"OYPEnA font-feature-liga-off font-feature-clig-off font-feature-calt-off text-decoration-underline text-strikethrough-none\">4. La Relaci\u00f3 Terap\u00e8utica:<\/span><\/span><\/strong><\/h2><p class=\"cvGsUA direction-ltr align-start para-style-body\"><span class=\"OYPEnA font-feature-liga-off font-feature-clig-off font-feature-calt-off text-decoration-none text-strikethrough-none\">La relaci\u00f3 entre el pacient i el terapeuta \u00e9s un element important a la psicoter\u00e0pia psicoanal\u00edtica. Aquesta relaci\u00f3 es coneix com a transfer\u00e8ncia, i es caracteritza per la transfer\u00e8ncia de sentiments, pensaments i fantasies que el pacient va experimentar originalment amb figures parentals o cuidadores cap al terapeuta. L&#8217;exploraci\u00f3 de la transfer\u00e8ncia permet al pacient comprendre patrons relacionals repetitius i treballar en la resoluci\u00f3.<\/span><\/p><h2 class=\"cvGsUA direction-ltr align-start para-style-body\"><strong><span style=\"text-decoration: underline;\"><span class=\"OYPEnA font-feature-liga-off font-feature-clig-off font-feature-calt-off text-decoration-underline text-strikethrough-none\">5. Interpretaci\u00f3:<\/span><\/span><\/strong><\/h2><p class=\"cvGsUA direction-ltr align-start para-style-body\"><span class=\"OYPEnA font-feature-liga-off font-feature-clig-off font-feature-calt-off text-decoration-none text-strikethrough-none\">El terapeuta psicoanal\u00edtic utilitza la t\u00e8cnica d&#8217;interpretaci\u00f3 per ajudar el pacient a comprendre el significat dels seus pensaments, somnis, fantasies i comportaments, especialment pel que fa al material inconscient.<\/span><\/p><h2 class=\"cvGsUA direction-ltr align-start para-style-body\"><strong><span style=\"text-decoration: underline;\"><span class=\"OYPEnA font-feature-liga-off font-feature-clig-off font-feature-calt-off text-decoration-none text-strikethrough-none\">6. L&#8217;Objectiu:<\/span><\/span><\/strong><\/h2><p class=\"cvGsUA direction-ltr align-start para-style-body\"><span class=\"OYPEnA font-feature-liga-off font-feature-clig-off font-feature-calt-off text-decoration-none text-strikethrough-none\">L&#8217;objectiu final de la psicoter\u00e0pia psicoanal\u00edtica \u00e9s que el pacient aconsegueixi un nivell m\u00e9s alt d&#8217;autoconeixement i comprensi\u00f3 dels seus processos interns. En accedir al material inconscient, resoldre conflictes del passat i modificar patrons de defensa disfuncionals, el pacient pot assolir m\u00e9s autonomia, millorar les seves relacions interpersonals i experimentar un benestar emocional m\u00e9s gran.<\/span><\/p>\t\t\t\t\t\t<\/div>\n\t\t\t\t<\/div>\n\t\t\t\t\t<\/div>\n\t\t\t\t<\/div>\n\t\t\t\t<\/div>","protected":false},"excerpt":{"rendered":"<p>TER\u00c0PIA ORIENTACI\u00d3 PSICOANALITICA La psicoter\u00e0pia d\u2019orientaci\u00f3 psicoanal\u00edtica, va ser fundada per Sigmund Freud a principis del segle XX, i es basa en l&#8217;exploraci\u00f3 dels processos inconscients per comprendre i tractar els conflictes psicol\u00f2gics que afecten el benestar emocional i conductual de les persones. A difer\u00e8ncia d&#8217;altres ter\u00e0pies que s&#8217;enfoquen en el present i els comportaments [&hellip;]<\/p>","protected":false},"author":1,"featured_media":0,"parent":0,"menu_order":0,"comment_status":"closed","ping_status":"closed","template":"","meta":{"episode_type":"","audio_file":"","cover_image":"","cover_image_id":"","duration":"","filesize":"","date_recorded":"","explicit":"","block":"","filesize_raw":"","footnotes":""},"class_list":["post-97","page","type-page","status-publish","hentry"],"_links":{"self":[{"href":"https:\/\/joseptorrents.pro\/es\/wp-json\/wp\/v2\/pages\/97","targetHints":{"allow":["GET"]}}],"collection":[{"href":"https:\/\/joseptorrents.pro\/es\/wp-json\/wp\/v2\/pages"}],"about":[{"href":"https:\/\/joseptorrents.pro\/es\/wp-json\/wp\/v2\/types\/page"}],"author":[{"embeddable":true,"href":"https:\/\/joseptorrents.pro\/es\/wp-json\/wp\/v2\/users\/1"}],"replies":[{"embeddable":true,"href":"https:\/\/joseptorrents.pro\/es\/wp-json\/wp\/v2\/comments?post=97"}],"version-history":[{"count":22,"href":"https:\/\/joseptorrents.pro\/es\/wp-json\/wp\/v2\/pages\/97\/revisions"}],"predecessor-version":[{"id":1252,"href":"https:\/\/joseptorrents.pro\/es\/wp-json\/wp\/v2\/pages\/97\/revisions\/1252"}],"wp:attachment":[{"href":"https:\/\/joseptorrents.pro\/es\/wp-json\/wp\/v2\/media?parent=97"}],"curies":[{"name":"wp","href":"https:\/\/api.w.org\/{rel}","templated":true}]}}