{"id":54,"date":"2024-07-25T10:44:20","date_gmt":"2024-07-25T10:44:20","guid":{"rendered":"https:\/\/joseptorrents.pro\/?page_id=54"},"modified":"2024-08-28T15:37:21","modified_gmt":"2024-08-28T15:37:21","slug":"avis-legal","status":"publish","type":"page","link":"https:\/\/joseptorrents.pro\/es\/avis-legal\/","title":{"rendered":"Aviso Legal"},"content":{"rendered":"<div data-elementor-type=\"wp-page\" data-elementor-id=\"54\" class=\"elementor elementor-54\" data-elementor-post-type=\"page\">\n\t\t\t\t<div data-particle_enable=\"false\" data-particle-mobile-disabled=\"false\" class=\"elementor-element elementor-element-431e0e1 e-flex e-con-boxed e-con e-parent\" data-id=\"431e0e1\" data-element_type=\"container\">\n\t\t\t\t\t<div class=\"e-con-inner\">\n\t\t\t\t<div class=\"elementor-element elementor-element-72f9f5f elementor-widget elementor-widget-heading\" data-id=\"72f9f5f\" data-element_type=\"widget\" data-widget_type=\"heading.default\">\n\t\t\t\t<div class=\"elementor-widget-container\">\n\t\t\t<style>\/*! elementor - v3.23.0 - 23-07-2024 *\/\n.elementor-heading-title{padding:0;margin:0;line-height:1}.elementor-widget-heading .elementor-heading-title[class*=elementor-size-]>a{color:inherit;font-size:inherit;line-height:inherit}.elementor-widget-heading .elementor-heading-title.elementor-size-small{font-size:15px}.elementor-widget-heading .elementor-heading-title.elementor-size-medium{font-size:19px}.elementor-widget-heading .elementor-heading-title.elementor-size-large{font-size:29px}.elementor-widget-heading .elementor-heading-title.elementor-size-xl{font-size:39px}.elementor-widget-heading .elementor-heading-title.elementor-size-xxl{font-size:59px}<\/style><h2 class=\"elementor-heading-title elementor-size-default\">AV\u00cdS LEGAL<\/h2>\t\t<\/div>\n\t\t\t\t<\/div>\n\t\t\t\t\t<\/div>\n\t\t\t\t<\/div>\n\t\t<div data-particle_enable=\"false\" data-particle-mobile-disabled=\"false\" class=\"elementor-element elementor-element-3f5d587 e-flex e-con-boxed e-con e-parent\" data-id=\"3f5d587\" data-element_type=\"container\">\n\t\t\t\t\t<div class=\"e-con-inner\">\n\t\t\t\t<div class=\"elementor-element elementor-element-2e2062f elementor-widget elementor-widget-text-editor\" data-id=\"2e2062f\" data-element_type=\"widget\" data-widget_type=\"text-editor.default\">\n\t\t\t\t<div class=\"elementor-widget-container\">\n\t\t\t<style>\/*! elementor - v3.23.0 - 23-07-2024 *\/\n.elementor-widget-text-editor.elementor-drop-cap-view-stacked .elementor-drop-cap{background-color:#69727d;color:#fff}.elementor-widget-text-editor.elementor-drop-cap-view-framed .elementor-drop-cap{color:#69727d;border:3px solid;background-color:transparent}.elementor-widget-text-editor:not(.elementor-drop-cap-view-default) .elementor-drop-cap{margin-top:8px}.elementor-widget-text-editor:not(.elementor-drop-cap-view-default) .elementor-drop-cap-letter{width:1em;height:1em}.elementor-widget-text-editor .elementor-drop-cap{float:left;text-align:center;line-height:1;font-size:50px}.elementor-widget-text-editor .elementor-drop-cap-letter{display:inline-block}<\/style>\t\t\t\t<p><strong>Informaci\u00f3n General<\/strong><br \/>El presente aviso legal regula el uso del sitio web joseptorrents.com, en adelante &#8220;el Sitio Web&#8221;, del que es titular Josep Torrents, con NIF X12345678Y y domicilio en Calle Ficticia, 123, 08000 Barcelona, Espa\u00f1a.<\/p><p><strong>Condiciones de Uso<\/strong><br \/>El acceso y\/o uso de este Sitio Web atribuye la condici\u00f3n de usuario, que acepta, desde dicho acceso y\/o uso, las presentes condiciones de uso. Las condiciones aqu\u00ed expuestas ser\u00e1n aplicables independientemente de las condiciones generales de contrataci\u00f3n que en su caso resulten de obligado cumplimiento.<\/p><p><strong>Propiedad Intelectual e Industrial<\/strong><br \/>El dise\u00f1o del Sitio Web y sus c\u00f3digos fuente, as\u00ed como los logos, marcas y dem\u00e1s signos distintivos que aparecen en el mismo pertenecen a Josep Torrents y est\u00e1n protegidos por los correspondientes derechos de propiedad intelectual e industrial.<\/p><p><strong>Responsabilidad de los Contenidos<\/strong><br \/>Josep Torrents no se hace responsable de la legalidad de otros sitios web de terceros desde los que pueda accederse al Sitio Web. Josep Torrents tampoco responde por la legalidad de otros sitios web de terceros, que pudieran estar vinculados o enlazados desde este Sitio Web.<\/p><p>Josep Torrents se reserva el derecho a realizar cambios en el Sitio Web sin previo aviso, con el objeto de mantener actualizada su informaci\u00f3n, a\u00f1adiendo, modificando, corrigiendo o eliminando los contenidos publicados o el dise\u00f1o del Sitio Web.<\/p><p><strong>Protecci\u00f3n de Datos Personales<\/strong><br \/>Josep Torrents est\u00e1 profundamente comprometido con el cumplimiento de la normativa espa\u00f1ola de protecci\u00f3n de datos de car\u00e1cter personal, y garantiza el cumplimiento \u00edntegro de las obligaciones dispuestas, as\u00ed como la implementaci\u00f3n de las medidas de seguridad dispuestas en el Reglamento General de Protecci\u00f3n de Datos (RGPD) (UE) 2016\/679, y en la Ley Org\u00e1nica 3\/2018, de 5 de diciembre, de Protecci\u00f3n de Datos Personales y garant\u00eda de los derechos digitales (LOPDGDD).<\/p><p>Para m\u00e1s informaci\u00f3n, consulte nuestra [Pol\u00edtica de Privacidad](enlace a la pol\u00edtica de privacidad).<\/p><p><strong>Servicios Ofrecidos<\/strong><br \/>A trav\u00e9s del Sitio Web, Josep Torrents ofrece servicios de psicolog\u00eda y la venta de libros escritos por \u00e9l. La contrataci\u00f3n de dichos servicios se regir\u00e1 por las condiciones espec\u00edficas establecidas para cada uno de ellos, disponibles en las secciones correspondientes del Sitio Web.<\/p><p><strong>Uso de Cookies<\/strong><br \/>Este Sitio Web utiliza cookies propias y de terceros para garantizar una mejor experiencia de navegaci\u00f3n. Para m\u00e1s informaci\u00f3n, consulte nuestra [Pol\u00edtica de Cookies](enlace a la pol\u00edtica de cookies).<\/p><p><strong>Legislaci\u00f3n Aplicable y Jurisdicci\u00f3n<\/strong><br \/>Las relaciones entre Josep Torrents y los usuarios de sus servicios presentes en este Sitio Web se encuentran sometidas a la legislaci\u00f3n y jurisdicci\u00f3n espa\u00f1olas. Las partes, con renuncia expresa a cualquier otro fuero que pudiera corresponderles, se someten al de los juzgados y tribunales del domicilio del usuario para la resoluci\u00f3n de cualquier controversia que pudiera surgir en la interpretaci\u00f3n o ejecuci\u00f3n de las presentes condiciones contractuales.<\/p><p><strong>Contacto<\/strong><br \/>Para cualquier consulta o reclamaci\u00f3n relacionada con el Sitio Web joseptorrents.com, puede ponerse en contacto con nosotros a trav\u00e9s del correo electr\u00f3nico info@joseptorrents.com o mediante el tel\u00e9fono +34 123 456 789.<\/p><p>&#8212;<\/p><p>Este aviso legal est\u00e1 sujeto a cambios y actualizaciones, por lo que se recomienda a los usuarios revisarlo peri\u00f3dicamente.<\/p><p>&#8212;<\/p><p><strong>Josep Torrents<\/strong><\/p><p><span class=\"OYPEnA font-feature-liga-off font-feature-clig-off font-feature-calt-off text-decoration-none text-strikethrough-none\">Plaza de Sa Boada, 10 Bis. 08350.<\/span> <span class=\"OYPEnA font-feature-liga-off font-feature-clig-off font-feature-calt-off text-decoration-none text-strikethrough-none\">Arenys de Mar. Maresme. BCN * EL GATO<\/span><\/p><p>Correo electr\u00f3nico: jtorrents1959@gmail.com<\/p><p>Tel\u00e9fono: +34 660 083 587<\/p>\t\t\t\t\t\t<\/div>\n\t\t\t\t<\/div>\n\t\t\t\t\t<\/div>\n\t\t\t\t<\/div>\n\t\t\t\t<\/div>","protected":false},"excerpt":{"rendered":"<p>AV\u00cdS LEGAL Informaci\u00f3n GeneralEl presente aviso legal regula el uso del sitio web joseptorrents.com, en adelante &#8220;el Sitio Web&#8221;, del que es titular Josep Torrents, con NIF X12345678Y y domicilio en Calle Ficticia, 123, 08000 Barcelona, Espa\u00f1a. Condiciones de UsoEl acceso y\/o uso de este Sitio Web atribuye la condici\u00f3n de usuario, que acepta, desde [&hellip;]<\/p>","protected":false},"author":1,"featured_media":0,"parent":0,"menu_order":0,"comment_status":"closed","ping_status":"closed","template":"","meta":{"episode_type":"","audio_file":"","cover_image":"","cover_image_id":"","duration":"","filesize":"","date_recorded":"","explicit":"","block":"","filesize_raw":"","footnotes":""},"class_list":["post-54","page","type-page","status-publish","hentry"],"_links":{"self":[{"href":"https:\/\/joseptorrents.pro\/es\/wp-json\/wp\/v2\/pages\/54","targetHints":{"allow":["GET"]}}],"collection":[{"href":"https:\/\/joseptorrents.pro\/es\/wp-json\/wp\/v2\/pages"}],"about":[{"href":"https:\/\/joseptorrents.pro\/es\/wp-json\/wp\/v2\/types\/page"}],"author":[{"embeddable":true,"href":"https:\/\/joseptorrents.pro\/es\/wp-json\/wp\/v2\/users\/1"}],"replies":[{"embeddable":true,"href":"https:\/\/joseptorrents.pro\/es\/wp-json\/wp\/v2\/comments?post=54"}],"version-history":[{"count":7,"href":"https:\/\/joseptorrents.pro\/es\/wp-json\/wp\/v2\/pages\/54\/revisions"}],"predecessor-version":[{"id":1144,"href":"https:\/\/joseptorrents.pro\/es\/wp-json\/wp\/v2\/pages\/54\/revisions\/1144"}],"wp:attachment":[{"href":"https:\/\/joseptorrents.pro\/es\/wp-json\/wp\/v2\/media?parent=54"}],"curies":[{"name":"wp","href":"https:\/\/api.w.org\/{rel}","templated":true}]}}