{"id":148,"date":"2024-07-31T16:58:32","date_gmt":"2024-07-31T16:58:32","guid":{"rendered":"https:\/\/joseptorrents.pro\/?page_id=148"},"modified":"2024-10-23T16:14:38","modified_gmt":"2024-10-23T16:14:38","slug":"reiki","status":"publish","type":"page","link":"https:\/\/joseptorrents.pro\/es\/reiki\/","title":{"rendered":"Reiki"},"content":{"rendered":"<div data-elementor-type=\"wp-page\" data-elementor-id=\"148\" class=\"elementor elementor-148\" data-elementor-post-type=\"page\">\n\t\t\t\t<div data-particle_enable=\"false\" data-particle-mobile-disabled=\"false\" class=\"elementor-element elementor-element-dd2a3c9 e-flex e-con-boxed e-con e-parent\" data-id=\"dd2a3c9\" data-element_type=\"container\">\n\t\t\t\t\t<div class=\"e-con-inner\">\n\t\t\t\t<div class=\"elementor-element elementor-element-01fb453 elementor-widget elementor-widget-heading\" data-id=\"01fb453\" data-element_type=\"widget\" data-widget_type=\"heading.default\">\n\t\t\t\t<div class=\"elementor-widget-container\">\n\t\t\t<style>\/*! elementor - v3.23.0 - 23-07-2024 *\/\n.elementor-heading-title{padding:0;margin:0;line-height:1}.elementor-widget-heading .elementor-heading-title[class*=elementor-size-]>a{color:inherit;font-size:inherit;line-height:inherit}.elementor-widget-heading .elementor-heading-title.elementor-size-small{font-size:15px}.elementor-widget-heading .elementor-heading-title.elementor-size-medium{font-size:19px}.elementor-widget-heading .elementor-heading-title.elementor-size-large{font-size:29px}.elementor-widget-heading .elementor-heading-title.elementor-size-xl{font-size:39px}.elementor-widget-heading .elementor-heading-title.elementor-size-xxl{font-size:59px}<\/style><h2 class=\"elementor-heading-title elementor-size-default\">TER\u00c0PIA REIKI<\/h2>\t\t<\/div>\n\t\t\t\t<\/div>\n\t\t\t\t<div class=\"elementor-element elementor-element-740bb03 elementor-widget elementor-widget-image\" data-id=\"740bb03\" data-element_type=\"widget\" data-widget_type=\"image.default\">\n\t\t\t\t<div class=\"elementor-widget-container\">\n\t\t\t\t\t\t\t\t\t\t\t\t\t<img fetchpriority=\"high\" decoding=\"async\" width=\"684\" height=\"1024\" src=\"https:\/\/joseptorrents.pro\/wp-content\/uploads\/2024\/10\/unnamed-8-684x1024.jpg\" class=\"attachment-large size-large wp-image-1272\" alt=\"\" srcset=\"https:\/\/joseptorrents.pro\/wp-content\/uploads\/2024\/10\/unnamed-8-684x1024.jpg 684w, https:\/\/joseptorrents.pro\/wp-content\/uploads\/2024\/10\/unnamed-8-200x300.jpg 200w, https:\/\/joseptorrents.pro\/wp-content\/uploads\/2024\/10\/unnamed-8-768x1151.jpg 768w, https:\/\/joseptorrents.pro\/wp-content\/uploads\/2024\/10\/unnamed-8-1025x1536.jpg 1025w, https:\/\/joseptorrents.pro\/wp-content\/uploads\/2024\/10\/unnamed-8-8x12.jpg 8w, https:\/\/joseptorrents.pro\/wp-content\/uploads\/2024\/10\/unnamed-8.jpg 1068w\" sizes=\"(max-width: 684px) 100vw, 684px\" \/>\t\t\t\t\t\t\t\t\t\t\t\t\t<\/div>\n\t\t\t\t<\/div>\n\t\t\t\t<div class=\"elementor-element elementor-element-2c454fc elementor-widget elementor-widget-text-editor\" data-id=\"2c454fc\" data-element_type=\"widget\" data-widget_type=\"text-editor.default\">\n\t\t\t\t<div class=\"elementor-widget-container\">\n\t\t\t<style>\/*! elementor - v3.23.0 - 23-07-2024 *\/\n.elementor-widget-text-editor.elementor-drop-cap-view-stacked .elementor-drop-cap{background-color:#69727d;color:#fff}.elementor-widget-text-editor.elementor-drop-cap-view-framed .elementor-drop-cap{color:#69727d;border:3px solid;background-color:transparent}.elementor-widget-text-editor:not(.elementor-drop-cap-view-default) .elementor-drop-cap{margin-top:8px}.elementor-widget-text-editor:not(.elementor-drop-cap-view-default) .elementor-drop-cap-letter{width:1em;height:1em}.elementor-widget-text-editor .elementor-drop-cap{float:left;text-align:center;line-height:1;font-size:50px}.elementor-widget-text-editor .elementor-drop-cap-letter{display:inline-block}<\/style>\t\t\t\t<p class=\"cvGsUA direction-ltr align-start para-style-body\"><span class=\"OYPEnA font-feature-liga-off font-feature-clig-off font-feature-calt-off text-decoration-none text-strikethrough-none\">El Reiki \u00e9s una de les ter\u00e0pies alternatives que \u00e9s reconeguda, per l&#8217;Organitzaci\u00f3 Mundial de la Salut (OMS) com a mitj\u00e0 complementari dels tractaments tradicionals per curar els pacients.<\/span><\/p><p class=\"cvGsUA direction-ltr align-start para-style-body\"><span class=\"OYPEnA font-feature-liga-off font-feature-clig-off font-feature-calt-off text-decoration-none text-strikethrough-none\">La medicina tradicional tracta la part f\u00edsica dels pacients i els s\u00edmptomes que porten a les malalties al nostre cos. No obstant aix\u00f2, avui dia es reconeix que els pensaments, emocions i sentiments influeixen en la nostra salut. \u00c9s en aquest camp que el Reiki treballa i aporta millores significatives.<\/span><\/p><h2 class=\"cvGsUA direction-ltr align-start para-style-body\"><strong><span class=\"OYPEnA font-feature-liga-off font-feature-clig-off font-feature-calt-off text-decoration-none text-strikethrough-none\">Quin \u00e9s l\u2019origen de la paraula Reiki?<\/span><\/strong><\/h2><p class=\"cvGsUA direction-ltr align-start para-style-body\"><span class=\"OYPEnA font-feature-liga-off font-feature-clig-off font-feature-calt-off text-decoration-none text-strikethrough-none\">La paraula Reiki \u00e9s d&#8217;origen japon\u00e8s i vol dir energia vital universal, que \u00e9s tota l&#8217;energia que ens envolta, que actua en nosaltres i que viu en tota la mat\u00e8ria. Rei significa: universal; i Ki significa: energia vital. Aix\u00ed, Reiki \u00e9s la for\u00e7a d&#8217;aquesta energia vital que flueix a trav\u00e9s de tots els \u00e9ssers vius.<\/span><\/p><h2 class=\"cvGsUA direction-ltr align-start para-style-body\"><strong><span class=\"OYPEnA font-feature-liga-off font-feature-clig-off font-feature-calt-off text-decoration-none text-strikethrough-none\">Com funciona la ter\u00e0pia de Reiki ?<\/span><\/strong><\/h2><p class=\"cvGsUA direction-ltr align-start para-style-body\"><span class=\"OYPEnA font-feature-liga-off font-feature-clig-off font-feature-calt-off text-decoration-none text-strikethrough-none\">Reiki \u00e9s un m\u00e8tode de sanaci\u00f3 natural, originari del Jap\u00f3 i \u00e9s la transmissi\u00f3 d&#8217;energia a trav\u00e9s de les mans. El tractament de Reiki s&#8217;adre\u00e7a a la salut i el benestar de les persones, a tots els nivells: consci\u00e8ncia, ment i cos. A trav\u00e9s d&#8217;un estat de relaxaci\u00f3, l&#8217;energia universal \u00e9s canalitzada pel terapeuta (Reiki) i es transmet a l&#8217;individu a trav\u00e9s de les mans, que s&#8217;adre\u00e7a als punts d&#8217;energia. Aquesta energia actua de manera intel\u00b7ligent al desbloqueig dels punts cr\u00edtics, tot restaurant el flux d&#8217;energia vital. Quan el cos energ\u00e8tic est\u00e0 harmonitzat i equilibrat, el mateix organisme \u00e9s capa\u00e7 de produir o de llen\u00e7ar all\u00f2 que necessita per complir i mantenir aquest estat natural de salut i benestar.<\/span><\/p><p class=\"cvGsUA direction-ltr align-start para-style-body\"><span class=\"OYPEnA font-feature-liga-off font-feature-clig-off font-feature-calt-off text-decoration-none text-strikethrough-none\">La ter\u00e0pia funciona amb la imposici\u00f3 de les mans: el terapeuta realitza una s\u00e8rie de posicions amb les mans sobre el cos d&#8217;aquesta persona per transmetre energia universal i que \u00e9s tractat en tot el seu \u00e9sser. Despr\u00e9s de rebre el reiki, \u00e9s natural sentir-se de bon humor, ple d&#8217;energia, com si acab\u00e9s de tornar de passar una bona nit de descans. \u00c9s un m\u00e8tode indolor, i relaxant.<\/span><\/p><h2 class=\"cvGsUA direction-ltr align-start para-style-body\"><strong><span class=\"OYPEnA font-feature-liga-off font-feature-clig-off font-feature-calt-off text-decoration-none text-strikethrough-none\">El Reiki com una ter\u00e0pia complement\u00e0ria<\/span><\/strong><\/h2><p class=\"cvGsUA direction-ltr align-start para-style-body\"><span class=\"OYPEnA font-feature-liga-off font-feature-clig-off font-feature-calt-off text-decoration-none text-strikethrough-none\">El reiki no substitueix un tractament m\u00e8dic, per\u00f2 els dos tipus de tractament poden i han de caminar junts, ajudant, complementant i accelerant la recuperaci\u00f3 de la salut. El m\u00e8tode Reiki, aix\u00ed com altres ter\u00e0pies d&#8217;energia, es basa en el concepte del m\u00f3n invisible, que no podem veure, per\u00f2 que tenen una influ\u00e8ncia decisiva al nostre cos i la nostra salut.<\/span><\/p><p class=\"cvGsUA direction-ltr align-start para-style-body\"><span class=\"OYPEnA font-feature-liga-off font-feature-clig-off font-feature-calt-off text-decoration-none text-strikethrough-none\">L&#8217;Organitzaci\u00f3 Mundial de la Salut no nom\u00e9s reconeix sin\u00f3 que tamb\u00e9 recomana l&#8217;\u00fas de Reiki com a m\u00e8tode complementari que accelera la curaci\u00f3 en els pacients. Mentre que la medicina tradicional tracta la malaltia, Reiki tracta la causa. En la majoria dels casos, el Reiki es fa servir com una ter\u00e0pia integrativa en els tractaments m\u00e8dics amb bons resultats.<\/span><\/p><p class=\"cvGsUA direction-ltr align-start para-style-body\"><span class=\"OYPEnA font-feature-liga-off font-feature-clig-off font-feature-calt-off text-decoration-none text-strikethrough-none\">Aquesta<\/span> <span class=\"OYPEnA font-feature-liga-off font-feature-clig-off font-feature-calt-off text-decoration-none text-strikethrough-none\">ter\u00e0pia de energia no substitueix la medicina tradicional, i viceversa. Cadascuna funciona en diferents camps que uneixen forces per optimitzar les situacions i condicions de vida dels \u00e9ssers humans i l&#8217;univers. Un Reiki (terapeuta) no diagnostica o actua directament sobre malalties espec\u00edfiques, per\u00f2 el tractament \u00e9s part de la recuperaci\u00f3 del proc\u00e9s de salut del receptor, per la qual cosa \u00e9s m\u00e9s \u00e0gil i efica\u00e7.<\/span><\/p><h2 class=\"cvGsUA direction-ltr align-start para-style-body\"><strong><span class=\"OYPEnA font-feature-liga-off font-feature-clig-off font-feature-calt-off text-decoration-none text-strikethrough-none\">Beneficis del Reiki<\/span><\/strong><\/h2><p class=\"cvGsUA direction-ltr align-start para-style-body\"><span class=\"OYPEnA font-feature-liga-off font-feature-clig-off font-feature-calt-off text-decoration-none text-strikethrough-none\">Hi ha molts beneficis del Reiki, ja que actua conjuntament al nostre cos reequilibrant-ho. Cada pacient sent un alleugeriment despr\u00e9s de fer servir la ter\u00e0pia precisament on la seva energia est\u00e0 fora d&#8217;equilibri.<\/span><\/p><p class=\"cvGsUA direction-ltr align-start para-style-body\"><span class=\"OYPEnA font-feature-liga-off font-feature-clig-off font-feature-calt-off text-decoration-none text-strikethrough-none\">Aquests s\u00f3n els beneficis del Reiki:<\/span><\/p><p class=\"cvGsUA direction-ltr align-start para-style-body\"><span class=\"OYPEnA font-feature-liga-off font-feature-clig-off font-feature-calt-off text-decoration-none text-strikethrough-none\">-Calma i alleuja l&#8217;estr\u00e8s i l&#8217;ansietat.<\/span><\/p><p class=\"cvGsUA direction-ltr align-start para-style-body\"><span class=\"OYPEnA font-feature-liga-off font-feature-clig-off font-feature-calt-off text-decoration-none text-strikethrough-none\">-S&#8217;activa el sistema immune .<\/span><\/p><p class=\"cvGsUA direction-ltr align-start para-style-body\"><span class=\"OYPEnA font-feature-liga-off font-feature-clig-off font-feature-calt-off text-decoration-none text-strikethrough-none\">-Estimula la creativitat, la mem\u00f2ria i la concentraci\u00f3<\/span><\/p><p class=\"cvGsUA direction-ltr align-start para-style-body\"><span class=\"OYPEnA font-feature-liga-off font-feature-clig-off font-feature-calt-off text-decoration-none text-strikethrough-none\">-D\u00f3na sensaci\u00f3 d&#8217;alleugeriment emocional durant i despr\u00e9s de l&#8217;aplicaci\u00f3.<\/span><\/p><p class=\"cvGsUA direction-ltr align-start para-style-body\"><span class=\"OYPEnA font-feature-liga-off font-feature-clig-off font-feature-calt-off text-decoration-none text-strikethrough-none\">-Ajuda al proc\u00e9s d&#8217;alliberament de les emocions.<\/span><\/p><p class=\"cvGsUA direction-ltr align-start para-style-body\"><span class=\"OYPEnA font-feature-liga-off font-feature-clig-off font-feature-calt-off text-decoration-none text-strikethrough-none\">-Provoca una sensaci\u00f3 de total comoditat, relaxaci\u00f3 i pau<\/span><\/p><p class=\"cvGsUA direction-ltr align-start para-style-body\"><span class=\"OYPEnA font-feature-liga-off font-feature-clig-off font-feature-calt-off text-decoration-none text-strikethrough-none\">-Proporciona neteja i clarificaci\u00f3 de l&#8217;\u00e0mbit de l&#8217;energia<\/span><\/p><p class=\"cvGsUA direction-ltr align-start para-style-body\"><span class=\"OYPEnA font-feature-liga-off font-feature-clig-off font-feature-calt-off text-decoration-none text-strikethrough-none\">-Alleugereix l&#8217;insomni<\/span><\/p><p class=\"cvGsUA direction-ltr align-start para-style-body\"><span class=\"OYPEnA font-feature-liga-off font-feature-clig-off font-feature-calt-off text-decoration-none text-strikethrough-none\">-Augmenta la energia vital i la claredat mental<\/span><\/p>\t\t\t\t\t\t<\/div>\n\t\t\t\t<\/div>\n\t\t\t\t\t<\/div>\n\t\t\t\t<\/div>\n\t\t\t\t<\/div>","protected":false},"excerpt":{"rendered":"<p>TER\u00c0PIA REIKI El Reiki \u00e9s una de les ter\u00e0pies alternatives que \u00e9s reconeguda, per l&#8217;Organitzaci\u00f3 Mundial de la Salut (OMS) com a mitj\u00e0 complementari dels tractaments tradicionals per curar els pacients. La medicina tradicional tracta la part f\u00edsica dels pacients i els s\u00edmptomes que porten a les malalties al nostre cos. No obstant aix\u00f2, avui [&hellip;]<\/p>","protected":false},"author":1,"featured_media":0,"parent":0,"menu_order":0,"comment_status":"closed","ping_status":"closed","template":"","meta":{"episode_type":"","audio_file":"","cover_image":"","cover_image_id":"","duration":"","filesize":"","date_recorded":"","explicit":"","block":"","filesize_raw":"","footnotes":""},"class_list":["post-148","page","type-page","status-publish","hentry"],"_links":{"self":[{"href":"https:\/\/joseptorrents.pro\/es\/wp-json\/wp\/v2\/pages\/148","targetHints":{"allow":["GET"]}}],"collection":[{"href":"https:\/\/joseptorrents.pro\/es\/wp-json\/wp\/v2\/pages"}],"about":[{"href":"https:\/\/joseptorrents.pro\/es\/wp-json\/wp\/v2\/types\/page"}],"author":[{"embeddable":true,"href":"https:\/\/joseptorrents.pro\/es\/wp-json\/wp\/v2\/users\/1"}],"replies":[{"embeddable":true,"href":"https:\/\/joseptorrents.pro\/es\/wp-json\/wp\/v2\/comments?post=148"}],"version-history":[{"count":16,"href":"https:\/\/joseptorrents.pro\/es\/wp-json\/wp\/v2\/pages\/148\/revisions"}],"predecessor-version":[{"id":1275,"href":"https:\/\/joseptorrents.pro\/es\/wp-json\/wp\/v2\/pages\/148\/revisions\/1275"}],"wp:attachment":[{"href":"https:\/\/joseptorrents.pro\/es\/wp-json\/wp\/v2\/media?parent=148"}],"curies":[{"name":"wp","href":"https:\/\/api.w.org\/{rel}","templated":true}]}}