{"id":142,"date":"2024-07-31T16:55:08","date_gmt":"2024-07-31T16:55:08","guid":{"rendered":"https:\/\/joseptorrents.pro\/?page_id=142"},"modified":"2025-11-04T15:52:52","modified_gmt":"2025-11-04T15:52:52","slug":"terapia-psico-espiritual","status":"publish","type":"page","link":"https:\/\/joseptorrents.pro\/es\/terapia-psico-espiritual\/","title":{"rendered":"La terapia psico-espiritual"},"content":{"rendered":"<div data-elementor-type=\"wp-page\" data-elementor-id=\"142\" class=\"elementor elementor-142\" data-elementor-post-type=\"page\">\n\t\t\t\t<div data-particle_enable=\"false\" data-particle-mobile-disabled=\"false\" class=\"elementor-element elementor-element-a7ad774 e-flex e-con-boxed e-con e-parent\" data-id=\"a7ad774\" data-element_type=\"container\">\n\t\t\t\t\t<div class=\"e-con-inner\">\n\t\t\t\t<div class=\"elementor-element elementor-element-d1489d8 elementor-widget elementor-widget-heading\" data-id=\"d1489d8\" data-element_type=\"widget\" data-widget_type=\"heading.default\">\n\t\t\t\t<div class=\"elementor-widget-container\">\n\t\t\t<style>\/*! elementor - v3.23.0 - 23-07-2024 *\/\n.elementor-heading-title{padding:0;margin:0;line-height:1}.elementor-widget-heading .elementor-heading-title[class*=elementor-size-]>a{color:inherit;font-size:inherit;line-height:inherit}.elementor-widget-heading .elementor-heading-title.elementor-size-small{font-size:15px}.elementor-widget-heading .elementor-heading-title.elementor-size-medium{font-size:19px}.elementor-widget-heading .elementor-heading-title.elementor-size-large{font-size:29px}.elementor-widget-heading .elementor-heading-title.elementor-size-xl{font-size:39px}.elementor-widget-heading .elementor-heading-title.elementor-size-xxl{font-size:59px}<\/style><h2 class=\"elementor-heading-title elementor-size-default\">TER\u00c0PIA PSICOESPIRITUAL<\/h2>\t\t<\/div>\n\t\t\t\t<\/div>\n\t\t\t\t<div class=\"elementor-element elementor-element-60ef418 elementor-widget elementor-widget-image\" data-id=\"60ef418\" data-element_type=\"widget\" data-widget_type=\"image.default\">\n\t\t\t\t<div class=\"elementor-widget-container\">\n\t\t\t\t\t\t\t\t\t\t\t\t\t<img fetchpriority=\"high\" decoding=\"async\" width=\"800\" height=\"712\" src=\"https:\/\/joseptorrents.pro\/wp-content\/uploads\/2024\/10\/Captura-de-pantalla-2024-10-23-a-las-17.50.40-1024x911.png\" class=\"attachment-large size-large wp-image-1215\" alt=\"\" srcset=\"https:\/\/joseptorrents.pro\/wp-content\/uploads\/2024\/10\/Captura-de-pantalla-2024-10-23-a-las-17.50.40-1024x911.png 1024w, https:\/\/joseptorrents.pro\/wp-content\/uploads\/2024\/10\/Captura-de-pantalla-2024-10-23-a-las-17.50.40-300x267.png 300w, https:\/\/joseptorrents.pro\/wp-content\/uploads\/2024\/10\/Captura-de-pantalla-2024-10-23-a-las-17.50.40-768x683.png 768w, https:\/\/joseptorrents.pro\/wp-content\/uploads\/2024\/10\/Captura-de-pantalla-2024-10-23-a-las-17.50.40-13x12.png 13w, https:\/\/joseptorrents.pro\/wp-content\/uploads\/2024\/10\/Captura-de-pantalla-2024-10-23-a-las-17.50.40.png 1520w\" sizes=\"(max-width: 800px) 100vw, 800px\" \/>\t\t\t\t\t\t\t\t\t\t\t\t\t<\/div>\n\t\t\t\t<\/div>\n\t\t\t\t<div class=\"elementor-element elementor-element-2236eee elementor-widget elementor-widget-text-editor\" data-id=\"2236eee\" data-element_type=\"widget\" data-widget_type=\"text-editor.default\">\n\t\t\t\t<div class=\"elementor-widget-container\">\n\t\t\t<style>\/*! elementor - v3.23.0 - 23-07-2024 *\/\n.elementor-widget-text-editor.elementor-drop-cap-view-stacked .elementor-drop-cap{background-color:#69727d;color:#fff}.elementor-widget-text-editor.elementor-drop-cap-view-framed .elementor-drop-cap{color:#69727d;border:3px solid;background-color:transparent}.elementor-widget-text-editor:not(.elementor-drop-cap-view-default) .elementor-drop-cap{margin-top:8px}.elementor-widget-text-editor:not(.elementor-drop-cap-view-default) .elementor-drop-cap-letter{width:1em;height:1em}.elementor-widget-text-editor .elementor-drop-cap{float:left;text-align:center;line-height:1;font-size:50px}.elementor-widget-text-editor .elementor-drop-cap-letter{display:inline-block}<\/style>\t\t\t\t<p><span style=\"font-weight: 400;\">La ter\u00e0pia psicoespiritual \u00e9s un enfocament terap\u00e8utic que integra aspectes psicol\u00f2gics i espirituals per promoure el benestar hol\u00edstic de l&#8217;individu. Est\u00e0 formada per dos sistemes clau: la ter\u00e0pia psicol\u00f2gica convencional i la ter\u00e0pia espiritual. La uni\u00f3 d&#8217;aquests dos sistemes permet que la persona pugui ser entesa totalment i que els seus problemes puguin ser tractats des de totes les perspectivas.&nbsp;<\/span><\/p>\n<h2><b>La ter\u00e0pia psicol\u00f2gica convencional<\/b><b>&nbsp;<\/b><\/h2>\n<p><span style=\"font-weight: 400;\">La ter\u00e0pia psicol\u00f2gica \u00e9s un proc\u00e9s centrat a resoldre problemes de salut mental i\/o emocional mitjan\u00e7ant t\u00e8cniques especialitzades i en la comunicaci\u00f3 . El seu objectiu \u00e9s oferir i dotar a les persones d&#8217;habilitats per gestionar emocions, comportaments i pensaments de manera saludable.<\/span><\/p>\n<p><span style=\"font-weight: 400;\">En un entorn segur i confidencial, els pacients exploren les emocions, identifiquen patrons de pensament negatius i treballen cap a la resoluci\u00f3 de conflictes. Aquest proc\u00e9s no nom\u00e9s millora la qualitat de vida i les relacions interpersonals, sin\u00f3 que tamb\u00e9 enforteix la capacitat per fer front a desafiaments emocionals.<\/span><\/p>\n<p><span style=\"font-weight: 400;\">Al m\u00f3n de la ter\u00e0pia psicol\u00f2gica hi ha diferents perspectives te\u00f2riques i pr\u00e0ctiques que tracten els problemes de manera diferent. A continuaci\u00f3 us detallo els estils i disciplines m\u00e9s utilitzades :&nbsp;<\/span><\/p>\n<h2><b>Ter\u00e0pia d\u2019orientaci\u00f3 psicoanal\u00edtica<\/b><span style=\"font-weight: 400;\">&nbsp;<\/span><\/h2>\n<p><span style=\"font-weight: 400;\">Sigmund Freud va ser l&#8217;encarregat de desenvolupar la teoria de la psicoan\u00e0lisi. En aquesta psicoter\u00e0pia, el subconscient t\u00e9 una gran import\u00e0ncia a l&#8217;hora de resoldre els problemes terap\u00e8utics. Segons aquesta especialitat, el nostre comportament est\u00e0 associat als conflictes que, de manera inconscient, van sorgir durant la nostra infantesa. Aquests conflictes marquen el nostre comportament i es veuen reflectits en els nostres somnis, emocions, pensaments&#8230;&nbsp;<\/span><\/p>\n<h2><b>Ter\u00e0pia cognitiu conductual&nbsp;<\/b><\/h2>\n<p><span style=\"font-weight: 400;\">La ter\u00e0pia cognitivo conductual (TCC) es basa en la relaci\u00f3 entre pensaments, emocions, sensacions f\u00edsiques i comportaments. Totes aquestes \u00e0rees estan interconnectades i exerceixen influ\u00e8ncia entre elles. Per exemple: si ens trobem davant de la situaci\u00f3 d&#8217;haver susp\u00e8s un examen. Podem pensar:&#8221;He susp\u00e8s perqu\u00e8 s\u00f3c ximple. Mai aprovar\u00e9&#8221;. &#8220;He susp\u00e8s un examen. Haur\u00e9 d&#8217;esfor\u00e7ar-me m\u00e9s la propera vegada.&#8221;<\/span><\/p>\n<p><span style=\"font-weight: 400;\">Despr\u00e9s del pensament 1 segurament vindr\u00e0 una emoci\u00f3 de tristesa, frustraci\u00f3 i resignaci\u00f3. Aquest pensament i emocions conduiran a un estat de desmotivaci\u00f3 i desgana. Des d&#8217;aquest estat, segurament, l&#8217;acci\u00f3 ser\u00e0 no estudiar. Com a conseq\u00fc\u00e8ncia, \u00e9s probable que es torni a repetir la situaci\u00f3 una altra vegada.<\/span><\/p>\n<p><span style=\"font-weight: 400;\">En canvi, despr\u00e9s del pensament 2 pot venir una emoci\u00f3 de certa tristesa, per\u00f2 acceptaci\u00f3 i esperan\u00e7a. Aquest pensament i les emocions conduiran a un estat de motivaci\u00f3 i voluntat d&#8217;esfor\u00e7. Aquest estat empeny a l&#8217;acci\u00f3 d&#8217;estudiar, conseg\u00fcentment, la probabilitat d&#8217;aprovar el seg\u00fcent examen ser\u00e0 m\u00e9s gran.<\/span><\/p>\n<p><span style=\"font-weight: 400;\">En conclusi\u00f3, la TCC parteix de la idea que enfrontar-nos de forma negativa als problemes provoca comportaments i sentiments negatius que acaben conduint-nos a f\u00f2bies i altres tipus de trastorns.&nbsp;<\/span><\/p>\n<h2><b>Ter\u00e0pia Humanista&nbsp;<\/b><\/h2>\n<p><span style=\"font-weight: 400;\">Aquest tipus de ter\u00e0pia apareix pels any 1950 i&nbsp; no tant sols tracte trastorns emocionals, mentals, de la personalitat, etc. sino que se centra en el desenvolupament de l\u2019\u00e9sser hum\u00e0. De manera que s\u2019interessa en tot all\u00f2 que ens fa&nbsp; humans, per la identitat personal, es a dir per el conjunt de caracter\u00edstiques personals que ens distingeixen dels altres i en particular de la percepci\u00f3 i l\u2019experi\u00e8ncia interna que viu cadasc\u00fa.<\/span><\/p>\n<p><span style=\"font-weight: 400;\">Dins d\u2019aquests corrent hi ha diferents estils terap\u00e8utics :<\/span><\/p>\n<p><span style=\"font-weight: 400;\">-Ter\u00e0pia centrada en el client. El seu representant es Carl Rogers.<\/span><\/p>\n<p><span style=\"font-weight: 400;\">-Terapia Gestalt. El seu creador va ser Fritz Perls.&nbsp;<\/span><\/p>\n<h2><b>Ter\u00e0pia sist\u00e8mica&nbsp;<\/b><\/h2>\n<p><span style=\"font-weight: 400;\">La ter\u00e0pia sist\u00e8mica \u00e9s una de les m\u00e9s utilitzades per resoldre problemes familiars i de parella.<\/span><\/p>\n<p><span style=\"font-weight: 400;\">Aquesta ter\u00e0pia s&#8217;encarrega de donar import\u00e0ncia a les relacions socials a la vida de les persones. Es desenvolupa de manera conjunta amb altres membres del nostre entorn (parella o fam\u00edlia). Considera que la manera com interactuem est\u00e0 lligada al funcionament del nostre entorn social, amb el qual creem un sistema. Les dificultats que el pacient pugui tenir s\u00f3n una expressi\u00f3 que alguna cosa va malament als seus grups socials.<\/span><b>&nbsp;<\/b><\/p>\n<h2><b>La terapia de cuerpo<\/b><\/h2>\n<p><span style=\"font-weight: 400;\">Al cos es manifesten els conflictes psicol\u00f2gics en forma de cuirassas corporals. Per aix\u00f2, el prop\u00f2sit del treball corporal \u00e9s aprofundir en les capacitats i dificultats personals per descobrir quins s\u00f3n els bloquejos que hi ha i qu\u00e8 es fa per mantenir-los actius. A trav\u00e9s del moviment conscient es permet que l&#8217;energia del cos flueixi de manera que es puguin desfer els nusos corporals i es recuperi la capacitat de connectar amb les necessitats de la persona, amb la seva alegria de viure i el seu benestar.&nbsp;<\/span><\/p>\n<h2><b>Ter\u00e0pia neuropsicol\u00f2gica&nbsp;<\/b><\/h2>\n<p><span style=\"font-weight: 400;\">Aquest tipus de ter\u00e0pia va adre\u00e7ada a pacients que pateixen algun dany cerebral o del sistema nervi\u00f3s. Tant se val si aquest problema ha estat provocat per un accident o \u00e9s de tipus cong\u00e8nit. \u00c9s apropiada per a persones de qualsevol edat i aconsegueix millores sorprenents a molts nivells: en la comunicaci\u00f3, la mem\u00f2ria, la capacitat de concentraci\u00f3&#8230;<\/span><b>&nbsp;<\/b><\/p>\n<h2><b>La Ter\u00e0pia espiritual&nbsp;<\/b><\/h2>\n<p><span style=\"font-weight: 400;\">La ter\u00e0pia espiritual \u00e9s aquella que parteix de la base que l&#8217;\u00e9sser hum\u00e0 \u00e9s molt m\u00e9s que un cos i una ment plena de pensaments i esquemes. La persona, aqu\u00ed, \u00e9s vista com una \u00e0nima que es troba moment\u00e0niament en aquest pla f\u00edsic per experimentar, aprendre i evolucionar. L&#8217;objectiu d&#8217;aquesta ter\u00e0pia ser\u00e0, per tant, que la persona conegui en profunditat d&#8217;on ve, on es dirigeix, quin sentit t\u00e9 all\u00f2 que li est\u00e0 passant i qu\u00e8 \u00e9s realment, \u00e9s a dir, con\u00e8ixer el m\u00f3n espiritual i la seva ess\u00e8ncia com a \u00e0nima.<\/span><\/p>\n<p><span style=\"font-weight: 400;\">Tot seguit us detallo les eines i t\u00e8cniques m\u00e9s utilitzades en aquest tipus de ter\u00e0pia:&nbsp;<\/span><\/p>\n<p><b>La Hipnosi<\/b><b>&nbsp;<\/b><\/p>\n<p><span style=\"font-weight: 400;\">La hipnosi a la ter\u00e0pia psicoespiritual, \u00e9s una t\u00e8cnica que combina elements de la hipnosi tradicional amb pr\u00e0ctiques i conceptes espirituals. Aquesta forma de ter\u00e0pia no nom\u00e9s busca tractar problemes psicol\u00f2gics, sin\u00f3 tamb\u00e9 explorar aspectes m\u00e9s profunds de l&#8217;exist\u00e8ncia humana, com ara el prop\u00f2sit de vida, la connexi\u00f3 amb all\u00f2 transcendental i el creixement espiritual.<\/span><\/p>\n<p><span style=\"font-weight: 400;\">Principis de la hipnosi psicoespiritual<\/span><span style=\"font-weight: 400;\">&nbsp;<\/span><\/p>\n<ol>\n<li><span style=\"font-weight: 400;\"><strong> Estat alterat de consci\u00e8ncia<\/strong>: Similar a la hipnosi convencional, la hipnosi psicoespiritual indueix un estat de tr\u00e0nsit, on la ment conscient es relaxa i la ment subconscient es torna m\u00e9s accessible. En aquest estat l&#8217;individu pot explorar records, emocions i experi\u00e8ncies amb m\u00e9s obertura i receptivitat.<\/span><\/li>\n<li><span style=\"font-weight: 400;\"><strong> Exploraci\u00f3 de l&#8217;\u00e9sser interior<\/strong>: S&#8217;enfoca a ajudar l&#8217;individu a connectar-se amb el seu \u00e9sser interior i la seva saviesa interna.<\/span><\/li>\n<li><span style=\"font-weight: 400;\"><strong> Sanaci\u00f3 hol\u00edstica<\/strong>: Es tracta de promoure una sanaci\u00f3 integral que inclou cos, ment, emocions i esperit.<\/span><\/li>\n<\/ol>\n<p><span style=\"font-weight: 400;\">Aplicacions comunes&nbsp;<\/span><\/p>\n<ol>\n<li><span style=\"font-weight: 400;\"><strong> Regressi\u00f3 a vides passades<\/strong>: Aquesta t\u00e8cnica es fa servir per accedir a mem\u00f2ries de vides passades per tal d&#8217;entendre i resoldre problemes actuals.<\/span><\/li>\n<\/ol>\n<p><span style=\"font-weight: 400;\">&nbsp; &nbsp;2.<strong>Connexi\u00f3 amb guies espirituals:<\/strong> Durant la hipnosi, algunes persones poden experimentar trobades&nbsp; &nbsp; &nbsp; &nbsp; &nbsp; &nbsp;amb figures espirituals que els ofereixen guia, suport i saviesa.<\/span><\/p>\n<ol start=\"3\">\n<li><span style=\"font-weight: 400;\"><strong> Sanaci\u00f3 de traumes emocionals<\/strong>: Aquesta t\u00e8cnica pot ajudar les persones a alliberar traumes i bloquejos emocionals en permetre&#8217;ls processar i reinterpretar experi\u00e8ncies doloroses des d&#8217;una perspectiva m\u00e9s \u00e0mplia i espiritual.<\/span><\/li>\n<li><span style=\"font-weight: 400;\"><strong> Desenvolupament personal i espiritual<\/strong>: A trav\u00e9s de la hipnosi, els individus poden explorar preguntes existencials, desenvolupar una major autocomprensi\u00f3 i enfortir-ne la connexi\u00f3 amb el jo superior.&nbsp;<\/span><\/li>\n<\/ol>\n<p><b>La Ter\u00e0pia de vides passades&nbsp; (TVP)&nbsp;<\/b><\/p>\n<p><span style=\"font-weight: 400;\">La Ter\u00e0pia de Vides Passades (TVP) \u00e9s una t\u00e8cnica que b\u00e0sicament consisteix a fer conscient l\u2019inconscient. Quan aix\u00f2 <\/span><span style=\"font-weight: 400;\">esdev\u00e9,<\/span><span style=\"font-weight: 400;\"> sorgeixen a la consci\u00e8ncia experi\u00e8ncies traum\u00e0tiques no resoltes que estaven ocultes en el pla inconscient. Com que en aquestes experi\u00e8ncies les persones solen identificar-se a si mateixes en un altre cos, en un altre temps i experimenten la mort en aquest cos, es va denominar a aquesta t\u00e8cnica <\/span><i><span style=\"font-weight: 400;\">Ter\u00e0pia de Vides Passades<\/span><\/i><span style=\"font-weight: 400;\">.<\/span><\/p>\n<p><span style=\"font-weight: 400;\">La TVP no es basa en la reencarnaci\u00f3, sin\u00f3 que les vides passades sorgeixen a conseq\u00fc\u00e8ncia del treball terap\u00e8utic. Si el terapeuta sap com treballar en profunditat el s\u00edmptoma que presenta el pacient, en algun moment del treball terap\u00e8utic es trobar\u00e0 amb una experi\u00e8ncia que no pertany al marc de la vida present.<\/span><\/p>\n<p><span style=\"font-weight: 400;\">Encara que la TVP va comen\u00e7ar a difondre\u2019s&nbsp; a partir de la d\u00e8cada del 1970, en realitat va ser a l\u2019any 1904 quan el coronel d\u2019enginyers Albert de Rochas, administrador de l\u2019<\/span><i><span style=\"font-weight: 400;\">Escola Polit\u00e8cnica de Par\u00eds<\/span><\/i><span style=\"font-weight: 400;\">, despr\u00e9s d\u2019anys d\u2019investigar els estats profunds de la hipnosi, es va trobar amb el fenomen de les vides successives. Rochas va denominar a aquest proc\u00e9s <\/span><i><span style=\"font-weight: 400;\">regressi\u00f3 de mem\u00f2ria<\/span><\/i><span style=\"font-weight: 400;\">, terme que encara avui continua sent emprat per a identificar a aquesta t\u00e8cnica.<\/span><\/p>\n<p><span style=\"font-weight: 400;\">A l\u2019any&nbsp; 1978, el Doctor Morris Netherton publica el seu primer llibre: <\/span><i><span style=\"font-weight: 400;\">Ter\u00e0pia de Vides Passades<\/span><\/i><span style=\"font-weight: 400;\"> (<\/span><i><span style=\"font-weight: 400;\">Past Life Therapy<\/span><\/i><span style=\"font-weight: 400;\">, en l\u2019original). El t\u00edtol va sorgir d\u2019una consulta realitzada entre tres-cents estudiants d\u2019una universitat de Calif\u00f2rnia, als quals se\u2019ls va donar a llegir el llibre. Van ser aquests estudiants universitaris els qui en la seva majoria van triar el t\u00edtol que identificaria la ter\u00e0pia des d\u2019aleshores.<\/span><\/p>\n<p><span style=\"font-weight: 400;\">A l\u2019any 1988, el Doctor Brian Weiss, cap de psiquiatria de l\u2019hospital Mount Sinai de Miami, va publicar el seu llibre <\/span><i><span style=\"font-weight: 400;\">Many lives, many masters<\/span><\/i><span style=\"font-weight: 400;\"> (<\/span><i><span style=\"font-weight: 400;\">Moltes vides, molts mestres<\/span><\/i><span style=\"font-weight: 400;\">), on&nbsp; relata una experi\u00e8ncia sorprenent que va canviar completament la seva pr\u00f2pia vida i la seva visi\u00f3 de la psicoter\u00e0pia.<\/span><\/p>\n<p><span style=\"font-weight: 400;\">Una dels seus pacients, Catherine, va recordar sota hipnosi diverses de les seves vides passades i va poder trobar-hi l&#8217;origen de molts dels traumes que patia. Catherine es va curar, per\u00f2 va passar una cosa encara m\u00e9s important: va aconseguir posar-se en contacte amb els Mestres, esperits superiors que habiten els estats entre dues vides. Ells li van comunicar missatges importants de saviesa i de coneixement.<\/span><\/p>\n<p><span style=\"font-weight: 400;\">En definitiva la TVP es pot considerar com una ter\u00e0pia de l\u2019\u00e0nima, ja que els patiments s\u00f3n a l\u2019\u00e0nima i \u00e9s l\u2019\u00e0nima all\u00f2 que cal sanar.&nbsp;<\/span><\/p>\n<h2><b>Neteges energ\u00e8tiques.&nbsp;<\/b><\/h2>\n<p><span style=\"font-weight: 400;\">Tot l\u2019univers \u00e9s energia. Nosaltres mateixos estem envoltats i fets d\u2019energia.<\/span><\/p>\n<p><span style=\"font-weight: 400;\">El nostre dia a dia, la feina, l\u2019estr\u00e8s, la fam\u00edlia, les preocupacions a qu\u00e8 estem sotmesos, la influ\u00e8ncia de la gent que ens envolta, tant coneguda com desconeguda. Tots aquests factors ens poden provocar cansament, insomni, bloqueig mental. Tot aix\u00f2 ens fa estar baixos o fins i tot mancats d\u2019energia.<\/span><\/p>\n<p><span style=\"font-weight: 400;\">Igualment hi ha&nbsp; persones que tenen la capacitat d&#8217;absorbir la nostra energia positiva, siguin o no conscients, aix\u00ed com tota aquella gent que amb la seva actitud negativa (enveges, gelosia, ranc\u00fanies, mala voluntat&#8230;) ens produeixen bloquejos i sensaci\u00f3 de des\u00e0nim.<\/span><\/p>\n<p><span style=\"font-weight: 400;\">Per tant, davant d\u2019 aquestes influ\u00e8ncies i energies negatives, es recomanable dur a terme una neteja energ\u00e8tica per mantenir el camp energ\u00e8tic equilibrat i positiu.<\/span><\/p>\n<p><span style=\"font-weight: 400;\">Aix\u00ed mateix, els llocs que freq\u00fcentem, la nostra pr\u00f2pia llar com el nostre negoci o lloc de treball, es van impregnant de les energies de les persones que l&#8217;habiten, treballin o simplement passin.<\/span><\/p>\n<p><span style=\"font-weight: 400;\">\u00c9s totalment necessari que tots nosaltres ens fem regularment neteges energ\u00e8tiques de l\u2019aura o dels nostres camps bioenerg\u00e8tics per facilitar l\u2019eliminaci\u00f3 d\u2019estats negatius de la ment i de les emocions.<\/span><\/p>\n<p><span style=\"font-weight: 400;\">Amb l\u2019ambient equilibrat aconseguirem descansar millor, sentir-nos m\u00e9s relaxats i concentrar-nos en les nostres tasques, amb un estat d\u2019\u00e0nim m\u00e9s positiu i dist\u00e8s.&nbsp;<\/span><\/p>\n<h2><b>L\u2019energia i l\u2019aura&nbsp;<\/b><\/h2>\n<p><span style=\"font-weight: 400;\">L\u2019aura \u00e9s un camp energ\u00e8tic que forma part del nostre ser. Es troba situat al voltant del nostre cos i actua com un escut. Es tracta d&#8217;una irradiaci\u00f3 energ\u00e9tica que emetem nosaltres mateixos i que genera una llum imperceptible a simple vista. Aquesta llum vibra a diferents freq\u00fc\u00e8ncies en funci\u00f3 del nostre estat mental, f\u00edsic i emocional. Tot i que sempre s&#8217;ha relacionat amb l&#8217;espiritualitat, a principis del segle XX es demostra cient\u00edficament que cada organisme viu posseeix un camp electromagn\u00e8tic que els cient\u00edfics han anomenat &#8220;bioenergia&#8221;. L&#8217;energia que emana cada \u00e9sser viu \u00e9s totalment diferent, per la qual cosa la vibraci\u00f3 i els colors que t\u00e9 l&#8217;aura \u00e9s diferent en cada persona.&nbsp;<\/span><\/p>\n<p><span style=\"font-weight: 400;\">Les funcions de l&#8217;aura s\u00f3n diverses. Quan coneixem una persona, \u00e9s la nostra aura la que ens envia informaci\u00f3 sobre aquella persona i ho fa, fent refer\u00e8ncia a la seva aura. \u00c9s per aix\u00f2 que a vegades ens acostem a una persona i ens hi sentim molt a gust, tenim la sensaci\u00f3 que \u00e9s una persona positiva. En realitat, \u00e9s la seva aura que transmet aquestes vibracions. De la mateixa manera, ens pot passar que entrem en un lloc on hi hagi gent de mal humor i autom\u00e0ticament ens sentim inc\u00f2modes o ens acabem enfadant nosaltres tamb\u00e9. \u00c9s l&#8217;aura que interactua amb les vibracions de l&#8217;exterior i a vegades, deixem que aquestes vibracions ens invaeixin, siguin bones o dolentes.&nbsp;<\/span><\/p>\n<p><span style=\"font-weight: 400;\">Per desplegar tots els recursos i sensibilitats necess\u00e0ries per alguns casos, sovint compto amb la col\u00b7laboraci\u00f3 de professionals d\u2019altres disciplines.<\/span><\/p>\t\t\t\t\t\t<\/div>\n\t\t\t\t<\/div>\n\t\t\t\t\t<\/div>\n\t\t\t\t<\/div>\n\t\t\t\t<\/div>","protected":false},"excerpt":{"rendered":"<p>TER\u00c0PIA PSICOESPIRITUAL La ter\u00e0pia psicoespiritual \u00e9s un enfocament terap\u00e8utic que integra aspectes psicol\u00f2gics i espirituals per promoure el benestar hol\u00edstic de l&#8217;individu. Est\u00e0 formada per dos sistemes clau: la ter\u00e0pia psicol\u00f2gica convencional i la ter\u00e0pia espiritual. La uni\u00f3 d&#8217;aquests dos sistemes permet que la persona pugui ser entesa totalment i que els seus problemes puguin [&hellip;]<\/p>","protected":false},"author":1,"featured_media":0,"parent":0,"menu_order":0,"comment_status":"closed","ping_status":"closed","template":"","meta":{"episode_type":"","audio_file":"","cover_image":"","cover_image_id":"","duration":"","filesize":"","date_recorded":"","explicit":"","block":"","filesize_raw":"","footnotes":""},"class_list":["post-142","page","type-page","status-publish","hentry"],"_links":{"self":[{"href":"https:\/\/joseptorrents.pro\/es\/wp-json\/wp\/v2\/pages\/142","targetHints":{"allow":["GET"]}}],"collection":[{"href":"https:\/\/joseptorrents.pro\/es\/wp-json\/wp\/v2\/pages"}],"about":[{"href":"https:\/\/joseptorrents.pro\/es\/wp-json\/wp\/v2\/types\/page"}],"author":[{"embeddable":true,"href":"https:\/\/joseptorrents.pro\/es\/wp-json\/wp\/v2\/users\/1"}],"replies":[{"embeddable":true,"href":"https:\/\/joseptorrents.pro\/es\/wp-json\/wp\/v2\/comments?post=142"}],"version-history":[{"count":31,"href":"https:\/\/joseptorrents.pro\/es\/wp-json\/wp\/v2\/pages\/142\/revisions"}],"predecessor-version":[{"id":1473,"href":"https:\/\/joseptorrents.pro\/es\/wp-json\/wp\/v2\/pages\/142\/revisions\/1473"}],"wp:attachment":[{"href":"https:\/\/joseptorrents.pro\/es\/wp-json\/wp\/v2\/media?parent=142"}],"curies":[{"name":"wp","href":"https:\/\/api.w.org\/{rel}","templated":true}]}}