{"id":13,"date":"2024-07-25T09:23:51","date_gmt":"2024-07-25T09:23:51","guid":{"rendered":"https:\/\/joseptorrents.pro\/?page_id=13"},"modified":"2025-01-10T09:42:21","modified_gmt":"2025-01-10T09:42:21","slug":"terapias","status":"publish","type":"page","link":"https:\/\/joseptorrents.pro\/es\/terapias\/","title":{"rendered":"Terapias"},"content":{"rendered":"<div data-elementor-type=\"wp-page\" data-elementor-id=\"13\" class=\"elementor elementor-13\" data-elementor-post-type=\"page\">\n\t\t\t\t<div data-particle_enable=\"false\" data-particle-mobile-disabled=\"false\" class=\"elementor-element elementor-element-26c2bac e-con-full e-flex e-con e-parent\" data-id=\"26c2bac\" data-element_type=\"container\">\n\t\t\t\t<div class=\"elementor-element elementor-element-2e84f1a elementor-widget elementor-widget-heading\" data-id=\"2e84f1a\" data-element_type=\"widget\" data-widget_type=\"heading.default\">\n\t\t\t\t<div class=\"elementor-widget-container\">\n\t\t\t<style>\/*! elementor - v3.23.0 - 23-07-2024 *\/\n.elementor-heading-title{padding:0;margin:0;line-height:1}.elementor-widget-heading .elementor-heading-title[class*=elementor-size-]>a{color:inherit;font-size:inherit;line-height:inherit}.elementor-widget-heading .elementor-heading-title.elementor-size-small{font-size:15px}.elementor-widget-heading .elementor-heading-title.elementor-size-medium{font-size:19px}.elementor-widget-heading .elementor-heading-title.elementor-size-large{font-size:29px}.elementor-widget-heading .elementor-heading-title.elementor-size-xl{font-size:39px}.elementor-widget-heading .elementor-heading-title.elementor-size-xxl{font-size:59px}<\/style><h2 class=\"elementor-heading-title elementor-size-default\">TERAPIAS<\/h2>\t\t<\/div>\n\t\t\t\t<\/div>\n\t\t\t\t<div class=\"elementor-element elementor-element-3922ff1 elementor-widget elementor-widget-heading\" data-id=\"3922ff1\" data-element_type=\"widget\" data-widget_type=\"heading.default\">\n\t\t\t\t<div class=\"elementor-widget-container\">\n\t\t\t<h2 class=\"elementor-heading-title elementor-size-default\">ELS MEUS INICIS AMB LA PSICOLOGIA<\/h2>\t\t<\/div>\n\t\t\t\t<\/div>\n\t\t\t\t<div class=\"elementor-element elementor-element-5b977a9 elementor-widget elementor-widget-text-editor\" data-id=\"5b977a9\" data-element_type=\"widget\" data-widget_type=\"text-editor.default\">\n\t\t\t\t<div class=\"elementor-widget-container\">\n\t\t\t<style>\/*! elementor - v3.23.0 - 23-07-2024 *\/\n.elementor-widget-text-editor.elementor-drop-cap-view-stacked .elementor-drop-cap{background-color:#69727d;color:#fff}.elementor-widget-text-editor.elementor-drop-cap-view-framed .elementor-drop-cap{color:#69727d;border:3px solid;background-color:transparent}.elementor-widget-text-editor:not(.elementor-drop-cap-view-default) .elementor-drop-cap{margin-top:8px}.elementor-widget-text-editor:not(.elementor-drop-cap-view-default) .elementor-drop-cap-letter{width:1em;height:1em}.elementor-widget-text-editor .elementor-drop-cap{float:left;text-align:center;line-height:1;font-size:50px}.elementor-widget-text-editor .elementor-drop-cap-letter{display:inline-block}<\/style>\t\t\t\t<p>N<span class=\"OYPEnA font-feature-liga-off font-feature-clig-off font-feature-calt-off text-decoration-none text-strikethrough-none\">o vaig dubtar massa a l\u2019hora d\u2019escollir a on matricular-me a la Universitat de Barcelona. Vaig escollir Psicologia, amb la intenci\u00f3 de con\u00e8ixer millor les interaccions humanes i tamb\u00e9 per poder ajudar a les persones a superar les seves dificultats, els seus traumes i ferides. A l\u2019any 1987 acabo els estudis i em vaig Llicenciar en Psicologia. I fins avui que exerceixo aquest of\u03a9ici que tant m\u2019agrada.<\/span><\/p><p class=\"cvGsUA direction-ltr align-start para-style-body\"><span class=\"OYPEnA font-feature-liga-off font-feature-clig-off font-feature-calt-off text-decoration-none text-strikethrough-none\">I \u00e9s veritat que la psicologia \u00e9s una ci\u00e8ncia jove, que durant molts segles, no fou sin\u00f3 que una branca del saber metaf\u00edsic, depenent posteriorment de la filosofia. Va n\u00e9ixer, despr\u00e9s d\u2019una llarga gestaci\u00f3, a mitjans del segle XIX, i es va independitzar de la filosofia l\u2019any 1843, gr\u00e0cies al fil\u00f2sof angl\u00e8s Stuart Mill, qui va proposar la seva autonomia arran d\u2019un treball que t\u00e9 a veure amb el sistema de l\u00f2gica. Per\u00f2 molts van ser els esfor\u00e7os dels intel\u00b7lectuals i cient\u00edfics de l\u2019\u00e8poca, per aconseguir que fos tractada com una ci\u00e8ncia. La psicologia va entrar de ple en el camp de l\u2019observaci\u00f3 i de l\u2019experimentaci\u00f3, trencant definitivament amb la vella tradici\u00f3 filos\u00f2fica, que la condicionava constantment. I a l\u2019any 1870, esdev\u00e9 ja una ciencia, merc\u00e8s al 1er. laboratori de psicologia, que es va crear a la Universitat de Leipzig (Alemania). A partir de que s\u2019estableix com una ci\u00e8ncia, s\u2019obre a rebre influ\u00e8ncies de la f\u00edsica, la qu\u00edmica, la medicina i la filosof\u00eda.<\/span><\/p><p class=\"cvGsUA direction-ltr align-start para-style-body\"><span class=\"OYPEnA font-feature-liga-off font-feature-clig-off font-feature-calt-off text-decoration-none text-strikethrough-none\">I \u00e9s a partir d\u2019aqu\u00ed que neixen diferents escoles o disciplines psicol\u00f2giques com, per exemple, l\u2019estructuralisme, el conductisme, la psicoan\u00e0lisi , la gestalt, la psicologia transpersonal entre d\u2019altres, aportant cadascuna d\u2019elles un m\u00e8tode diferent de treball i d\u2019investigaci\u00f3. Corrents psicol\u00f2giques, que m\u2019han influ\u00eft al llarg de la meva carrera i que han determinat el meu estil terap\u00e8utic.<\/span><\/p><p class=\"cvGsUA direction-ltr align-start para-style-body\"><span class=\"OYPEnA font-feature-liga-off font-feature-clig-off font-feature-calt-off text-decoration-none text-strikethrough-none\">Amb s\u00edntesis, la psicologia \u00e9s una ciencia que estudia el comportament hum\u00e0 i els processos mentals. On s\u2019analitzen conductes i pensaments tant dels individus com dels grups de persones. Es una disciplina que inclou tot all\u00f2 relatiu a l\u2019experi\u00e8ncia humana.<\/span><\/p>\t\t\t\t\t\t<\/div>\n\t\t\t\t<\/div>\n\t\t\t\t<div class=\"elementor-element elementor-element-fd81090 elementor-widget elementor-widget-heading\" data-id=\"fd81090\" data-element_type=\"widget\" data-widget_type=\"heading.default\">\n\t\t\t\t<div class=\"elementor-widget-container\">\n\t\t\t<h2 class=\"elementor-heading-title elementor-size-default\">ELS MEUS INICIS AMB LA PSICOLOGIA<\/h2>\t\t<\/div>\n\t\t\t\t<\/div>\n\t\t\t\t<div class=\"elementor-element elementor-element-0b9139f elementor-widget elementor-widget-text-editor\" data-id=\"0b9139f\" data-element_type=\"widget\" data-widget_type=\"text-editor.default\">\n\t\t\t\t<div class=\"elementor-widget-container\">\n\t\t\t\t\t\t\t<p><span class=\"OYPEnA font-feature-liga-off font-feature-clig-off font-feature-calt-off text-decoration-none text-strikethrough-none\">Cada persona requereix d\u2019una sol\u00b7luci\u00f3 espec\u00edfica lluny de f\u00f2rmules generalistes, durant la meva carrera he anat ampliant el meu coneixement amb altres pr\u00e0ctiques cl\u00edniques que complementen la meva formaci\u00f3 acad\u00e8mica amb aprenentatges sempre en evoluci\u00f3. Entre diversos enfocs en l\u2019aplicaci\u00f3 de t\u00e8cniques i pr\u00e0ctiques cl\u00edniques a les meves sessions terap\u00e8utiques en destaco els seg\u00fcents:<\/span><\/p>\t\t\t\t\t\t<\/div>\n\t\t\t\t<\/div>\n\t\t\t\t<\/div>\n\t\t<div data-particle_enable=\"false\" data-particle-mobile-disabled=\"false\" class=\"elementor-element elementor-element-39199ac e-con-full e-flex e-con e-parent\" data-id=\"39199ac\" data-element_type=\"container\">\n\t\t<div data-particle_enable=\"false\" data-particle-mobile-disabled=\"false\" class=\"elementor-element elementor-element-31cdd33 e-con-full e-flex e-con e-child\" data-id=\"31cdd33\" data-element_type=\"container\" data-settings=\"{&quot;background_background&quot;:&quot;classic&quot;}\">\n\t\t\t\t<div class=\"elementor-element elementor-element-15437c1 elementor-widget elementor-widget-text-editor\" data-id=\"15437c1\" data-element_type=\"widget\" data-widget_type=\"text-editor.default\">\n\t\t\t\t<div class=\"elementor-widget-container\">\n\t\t\t\t\t\t\tTER\u00c0PIA COGNITIU-CONDUCTUAL\t\t\t\t\t\t<\/div>\n\t\t\t\t<\/div>\n\t\t\t\t<div class=\"elementor-element elementor-element-8da7466 elementor-widget elementor-widget-text-editor\" data-id=\"8da7466\" data-element_type=\"widget\" data-widget_type=\"text-editor.default\">\n\t\t\t\t<div class=\"elementor-widget-container\">\n\t\t\t\t\t\t\t<p><span style=\"color: #ffffff;\"><a style=\"color: #ffffff;\" href=\"https:\/\/joseptorrents.pro\/es\/terapia-cognitiu-conductual\/\">m\u00e1s (+)<\/a><\/span><\/p>\t\t\t\t\t\t<\/div>\n\t\t\t\t<\/div>\n\t\t\t\t<\/div>\n\t\t<div data-particle_enable=\"false\" data-particle-mobile-disabled=\"false\" class=\"elementor-element elementor-element-6ba36be e-con-full e-flex e-con e-child\" data-id=\"6ba36be\" data-element_type=\"container\" data-settings=\"{&quot;background_background&quot;:&quot;classic&quot;}\">\n\t\t\t\t<div class=\"elementor-element elementor-element-ee597c5 elementor-widget elementor-widget-text-editor\" data-id=\"ee597c5\" data-element_type=\"widget\" data-widget_type=\"text-editor.default\">\n\t\t\t\t<div class=\"elementor-widget-container\">\n\t\t\t\t\t\t\tTER\u00c0PIA D\u2019ORIENTACI\u00d3 PSICOANAL\u00cdTICA\t\t\t\t\t\t<\/div>\n\t\t\t\t<\/div>\n\t\t\t\t<div class=\"elementor-element elementor-element-bb1c1cd elementor-widget elementor-widget-text-editor\" data-id=\"bb1c1cd\" data-element_type=\"widget\" data-widget_type=\"text-editor.default\">\n\t\t\t\t<div class=\"elementor-widget-container\">\n\t\t\t\t\t\t\t<p><span style=\"color: #ffffff;\"><a style=\"color: #ffffff;\" href=\"https:\/\/joseptorrents.pro\/es\/terapia-dorientacio-psicoanalitica\/\">m\u00e1s (+)<\/a><\/span><\/p>\t\t\t\t\t\t<\/div>\n\t\t\t\t<\/div>\n\t\t\t\t<\/div>\n\t\t\t\t<\/div>\n\t\t<div data-particle_enable=\"false\" data-particle-mobile-disabled=\"false\" class=\"elementor-element elementor-element-f9af2c0 e-con-full e-flex e-con e-parent\" data-id=\"f9af2c0\" data-element_type=\"container\">\n\t\t<div data-particle_enable=\"false\" data-particle-mobile-disabled=\"false\" class=\"elementor-element elementor-element-e934f0b e-con-full e-flex e-con e-child\" data-id=\"e934f0b\" data-element_type=\"container\" data-settings=\"{&quot;background_background&quot;:&quot;classic&quot;}\">\n\t\t\t\t<div class=\"elementor-element elementor-element-c109ec3 elementor-widget elementor-widget-text-editor\" data-id=\"c109ec3\" data-element_type=\"widget\" data-widget_type=\"text-editor.default\">\n\t\t\t\t<div class=\"elementor-widget-container\">\n\t\t\t\t\t\t\tTER\u00c0PIA GESTALT\t\t\t\t\t\t<\/div>\n\t\t\t\t<\/div>\n\t\t\t\t<div class=\"elementor-element elementor-element-dd395aa elementor-widget elementor-widget-text-editor\" data-id=\"dd395aa\" data-element_type=\"widget\" data-widget_type=\"text-editor.default\">\n\t\t\t\t<div class=\"elementor-widget-container\">\n\t\t\t\t\t\t\t<p><span style=\"color: #ffffff;\"><a style=\"color: #ffffff;\" href=\"https:\/\/joseptorrents.pro\/es\/terapia-gestalt-2\/\">m\u00e1s (+)<\/a><\/span><\/p>\t\t\t\t\t\t<\/div>\n\t\t\t\t<\/div>\n\t\t\t\t<\/div>\n\t\t<div data-particle_enable=\"false\" data-particle-mobile-disabled=\"false\" class=\"elementor-element elementor-element-fe0333a e-con-full e-flex e-con e-child\" data-id=\"fe0333a\" data-element_type=\"container\" data-settings=\"{&quot;background_background&quot;:&quot;classic&quot;}\">\n\t\t\t\t<div class=\"elementor-element elementor-element-75104b5 elementor-widget elementor-widget-text-editor\" data-id=\"75104b5\" data-element_type=\"widget\" data-widget_type=\"text-editor.default\">\n\t\t\t\t<div class=\"elementor-widget-container\">\n\t\t\t\t\t\t\tAN\u00c1LISIS TRANSACCIONAL\t\t\t\t\t\t<\/div>\n\t\t\t\t<\/div>\n\t\t\t\t<div class=\"elementor-element elementor-element-6bf5707 elementor-widget elementor-widget-text-editor\" data-id=\"6bf5707\" data-element_type=\"widget\" data-widget_type=\"text-editor.default\">\n\t\t\t\t<div class=\"elementor-widget-container\">\n\t\t\t\t\t\t\t<p><span style=\"color: #ffffff;\"><a style=\"color: #ffffff;\" href=\"https:\/\/joseptorrents.pro\/es\/analisi-transaccional\/\">m\u00e1s (+)<\/a><\/span><\/p>\t\t\t\t\t\t<\/div>\n\t\t\t\t<\/div>\n\t\t\t\t<\/div>\n\t\t\t\t<\/div>\n\t\t<div data-particle_enable=\"false\" data-particle-mobile-disabled=\"false\" class=\"elementor-element elementor-element-7b76876 e-con-full e-flex e-con e-parent\" data-id=\"7b76876\" data-element_type=\"container\">\n\t\t<div data-particle_enable=\"false\" data-particle-mobile-disabled=\"false\" class=\"elementor-element elementor-element-99ae164 e-con-full e-flex e-con e-child\" data-id=\"99ae164\" data-element_type=\"container\" data-settings=\"{&quot;background_background&quot;:&quot;classic&quot;}\">\n\t\t\t\t<div class=\"elementor-element elementor-element-d063004 elementor-widget elementor-widget-text-editor\" data-id=\"d063004\" data-element_type=\"widget\" data-widget_type=\"text-editor.default\">\n\t\t\t\t<div class=\"elementor-widget-container\">\n\t\t\t\t\t\t\tTER\u00c0PIA NEUROCIENT\u00cdFICA\t\t\t\t\t\t<\/div>\n\t\t\t\t<\/div>\n\t\t\t\t<div class=\"elementor-element elementor-element-421363a elementor-widget elementor-widget-text-editor\" data-id=\"421363a\" data-element_type=\"widget\" data-widget_type=\"text-editor.default\">\n\t\t\t\t<div class=\"elementor-widget-container\">\n\t\t\t\t\t\t\t<p><span style=\"color: #ffffff;\"><a style=\"color: #ffffff;\" href=\"https:\/\/joseptorrents.pro\/es\/terapia-neurocientifica\/\">m\u00e1s (+)<\/a><\/span><\/p>\t\t\t\t\t\t<\/div>\n\t\t\t\t<\/div>\n\t\t\t\t<\/div>\n\t\t<div data-particle_enable=\"false\" data-particle-mobile-disabled=\"false\" class=\"elementor-element elementor-element-55e8990 e-con-full e-flex e-con e-child\" data-id=\"55e8990\" data-element_type=\"container\" data-settings=\"{&quot;background_background&quot;:&quot;classic&quot;}\">\n\t\t\t\t<div class=\"elementor-element elementor-element-5aeab5a elementor-widget elementor-widget-text-editor\" data-id=\"5aeab5a\" data-element_type=\"widget\" data-widget_type=\"text-editor.default\">\n\t\t\t\t<div class=\"elementor-widget-container\">\n\t\t\t\t\t\t\tTER\u00c0PIA CORPORAL\t\t\t\t\t\t<\/div>\n\t\t\t\t<\/div>\n\t\t\t\t<div class=\"elementor-element elementor-element-85f6e12 elementor-widget elementor-widget-text-editor\" data-id=\"85f6e12\" data-element_type=\"widget\" data-widget_type=\"text-editor.default\">\n\t\t\t\t<div class=\"elementor-widget-container\">\n\t\t\t\t\t\t\t<p><span style=\"color: #ffffff;\"><a style=\"color: #ffffff;\" href=\"https:\/\/joseptorrents.pro\/es\/terapia-corporal\/\">m\u00e1s (+)<\/a><\/span><\/p>\t\t\t\t\t\t<\/div>\n\t\t\t\t<\/div>\n\t\t\t\t<\/div>\n\t\t\t\t<\/div>\n\t\t<div data-particle_enable=\"false\" data-particle-mobile-disabled=\"false\" class=\"elementor-element elementor-element-3fd2ed8 e-con-full e-flex e-con e-parent\" data-id=\"3fd2ed8\" data-element_type=\"container\">\n\t\t<div data-particle_enable=\"false\" data-particle-mobile-disabled=\"false\" class=\"elementor-element elementor-element-d7975e2 e-con-full e-flex e-con e-child\" data-id=\"d7975e2\" data-element_type=\"container\" data-settings=\"{&quot;background_background&quot;:&quot;classic&quot;}\">\n\t\t\t\t<div class=\"elementor-element elementor-element-d778301 elementor-widget elementor-widget-text-editor\" data-id=\"d778301\" data-element_type=\"widget\" data-widget_type=\"text-editor.default\">\n\t\t\t\t<div class=\"elementor-widget-container\">\n\t\t\t\t\t\t\tTER\u00c0PIA PSICO-ESPIRITUAL\t\t\t\t\t\t<\/div>\n\t\t\t\t<\/div>\n\t\t\t\t<div class=\"elementor-element elementor-element-acd6218 elementor-widget elementor-widget-text-editor\" data-id=\"acd6218\" data-element_type=\"widget\" data-widget_type=\"text-editor.default\">\n\t\t\t\t<div class=\"elementor-widget-container\">\n\t\t\t\t\t\t\t<p><span style=\"color: #ffffff;\"><a style=\"color: #ffffff;\" href=\"https:\/\/joseptorrents.pro\/es\/terapia-psico-espiritual\/\">m\u00e1s (+)<\/a><\/span><\/p>\t\t\t\t\t\t<\/div>\n\t\t\t\t<\/div>\n\t\t\t\t<\/div>\n\t\t<div data-particle_enable=\"false\" data-particle-mobile-disabled=\"false\" class=\"elementor-element elementor-element-d0643bc e-con-full e-flex e-con e-child\" data-id=\"d0643bc\" data-element_type=\"container\" data-settings=\"{&quot;background_background&quot;:&quot;classic&quot;}\">\n\t\t\t\t<div class=\"elementor-element elementor-element-e441b5e elementor-widget elementor-widget-text-editor\" data-id=\"e441b5e\" data-element_type=\"widget\" data-widget_type=\"text-editor.default\">\n\t\t\t\t<div class=\"elementor-widget-container\">\n\t\t\t\t\t\t\tREIKI\t\t\t\t\t\t<\/div>\n\t\t\t\t<\/div>\n\t\t\t\t<div class=\"elementor-element elementor-element-3388007 elementor-widget elementor-widget-text-editor\" data-id=\"3388007\" data-element_type=\"widget\" data-widget_type=\"text-editor.default\">\n\t\t\t\t<div class=\"elementor-widget-container\">\n\t\t\t\t\t\t\t<p><span style=\"color: #ffffff;\"><a style=\"color: #ffffff;\" href=\"https:\/\/joseptorrents.pro\/es\/reiki\/\">m\u00e1s (+)<\/a><\/span><\/p>\t\t\t\t\t\t<\/div>\n\t\t\t\t<\/div>\n\t\t\t\t<\/div>\n\t\t\t\t<\/div>\n\t\t\t\t<\/div>","protected":false},"excerpt":{"rendered":"<p>TER\u00c0PIES ELS MEUS INICIS AMB LA PSICOLOGIA No vaig dubtar massa a l\u2019hora d\u2019escollir a on matricular-me a la Universitat de Barcelona. Vaig escollir Psicologia, amb la intenci\u00f3 de con\u00e8ixer millor les interaccions humanes i tamb\u00e9 per poder ajudar a les persones a superar les seves dificultats, els seus traumes i ferides. A l\u2019any 1987 [&hellip;]<\/p>","protected":false},"author":1,"featured_media":0,"parent":0,"menu_order":0,"comment_status":"closed","ping_status":"closed","template":"","meta":{"episode_type":"","audio_file":"","cover_image":"","cover_image_id":"","duration":"","filesize":"","date_recorded":"","explicit":"","block":"","filesize_raw":"","footnotes":""},"class_list":["post-13","page","type-page","status-publish","hentry"],"_links":{"self":[{"href":"https:\/\/joseptorrents.pro\/es\/wp-json\/wp\/v2\/pages\/13","targetHints":{"allow":["GET"]}}],"collection":[{"href":"https:\/\/joseptorrents.pro\/es\/wp-json\/wp\/v2\/pages"}],"about":[{"href":"https:\/\/joseptorrents.pro\/es\/wp-json\/wp\/v2\/types\/page"}],"author":[{"embeddable":true,"href":"https:\/\/joseptorrents.pro\/es\/wp-json\/wp\/v2\/users\/1"}],"replies":[{"embeddable":true,"href":"https:\/\/joseptorrents.pro\/es\/wp-json\/wp\/v2\/comments?post=13"}],"version-history":[{"count":32,"href":"https:\/\/joseptorrents.pro\/es\/wp-json\/wp\/v2\/pages\/13\/revisions"}],"predecessor-version":[{"id":1373,"href":"https:\/\/joseptorrents.pro\/es\/wp-json\/wp\/v2\/pages\/13\/revisions\/1373"}],"wp:attachment":[{"href":"https:\/\/joseptorrents.pro\/es\/wp-json\/wp\/v2\/media?parent=13"}],"curies":[{"name":"wp","href":"https:\/\/api.w.org\/{rel}","templated":true}]}}