{"id":120,"date":"2024-07-30T10:06:55","date_gmt":"2024-07-30T10:06:55","guid":{"rendered":"https:\/\/joseptorrents.pro\/?page_id=120"},"modified":"2024-10-23T16:12:39","modified_gmt":"2024-10-23T16:12:39","slug":"terapia-neurocientifica","status":"publish","type":"page","link":"https:\/\/joseptorrents.pro\/es\/terapia-neurocientifica\/","title":{"rendered":"La Terapia Neurocient\u00edfico"},"content":{"rendered":"<div data-elementor-type=\"wp-page\" data-elementor-id=\"120\" class=\"elementor elementor-120\" data-elementor-post-type=\"page\">\n\t\t\t\t<div data-particle_enable=\"false\" data-particle-mobile-disabled=\"false\" class=\"elementor-element elementor-element-78c65e9 e-flex e-con-boxed e-con e-parent\" data-id=\"78c65e9\" data-element_type=\"container\">\n\t\t\t\t\t<div class=\"e-con-inner\">\n\t\t\t\t<div class=\"elementor-element elementor-element-dfbb99c elementor-widget elementor-widget-heading\" data-id=\"dfbb99c\" data-element_type=\"widget\" data-widget_type=\"heading.default\">\n\t\t\t\t<div class=\"elementor-widget-container\">\n\t\t\t<style>\/*! elementor - v3.23.0 - 23-07-2024 *\/\n.elementor-heading-title{padding:0;margin:0;line-height:1}.elementor-widget-heading .elementor-heading-title[class*=elementor-size-]>a{color:inherit;font-size:inherit;line-height:inherit}.elementor-widget-heading .elementor-heading-title.elementor-size-small{font-size:15px}.elementor-widget-heading .elementor-heading-title.elementor-size-medium{font-size:19px}.elementor-widget-heading .elementor-heading-title.elementor-size-large{font-size:29px}.elementor-widget-heading .elementor-heading-title.elementor-size-xl{font-size:39px}.elementor-widget-heading .elementor-heading-title.elementor-size-xxl{font-size:59px}<\/style><h2 class=\"elementor-heading-title elementor-size-default\">TER\u00c0PIA NEUROCIENT\u00cdFICA<\/h2>\t\t<\/div>\n\t\t\t\t<\/div>\n\t\t\t\t<div class=\"elementor-element elementor-element-0b7bca1 elementor-widget elementor-widget-image\" data-id=\"0b7bca1\" data-element_type=\"widget\" data-widget_type=\"image.default\">\n\t\t\t\t<div class=\"elementor-widget-container\">\n\t\t\t\t\t\t\t\t\t\t\t\t\t<img fetchpriority=\"high\" decoding=\"async\" width=\"800\" height=\"642\" src=\"https:\/\/joseptorrents.pro\/wp-content\/uploads\/2024\/10\/unnamed-6.jpg\" class=\"attachment-large size-large wp-image-1264\" alt=\"\" srcset=\"https:\/\/joseptorrents.pro\/wp-content\/uploads\/2024\/10\/unnamed-6.jpg 946w, https:\/\/joseptorrents.pro\/wp-content\/uploads\/2024\/10\/unnamed-6-300x241.jpg 300w, https:\/\/joseptorrents.pro\/wp-content\/uploads\/2024\/10\/unnamed-6-768x616.jpg 768w, https:\/\/joseptorrents.pro\/wp-content\/uploads\/2024\/10\/unnamed-6-15x12.jpg 15w\" sizes=\"(max-width: 800px) 100vw, 800px\" \/>\t\t\t\t\t\t\t\t\t\t\t\t\t<\/div>\n\t\t\t\t<\/div>\n\t\t\t\t<div class=\"elementor-element elementor-element-1178db1 elementor-widget elementor-widget-text-editor\" data-id=\"1178db1\" data-element_type=\"widget\" data-widget_type=\"text-editor.default\">\n\t\t\t\t<div class=\"elementor-widget-container\">\n\t\t\t<style>\/*! elementor - v3.23.0 - 23-07-2024 *\/\n.elementor-widget-text-editor.elementor-drop-cap-view-stacked .elementor-drop-cap{background-color:#69727d;color:#fff}.elementor-widget-text-editor.elementor-drop-cap-view-framed .elementor-drop-cap{color:#69727d;border:3px solid;background-color:transparent}.elementor-widget-text-editor:not(.elementor-drop-cap-view-default) .elementor-drop-cap{margin-top:8px}.elementor-widget-text-editor:not(.elementor-drop-cap-view-default) .elementor-drop-cap-letter{width:1em;height:1em}.elementor-widget-text-editor .elementor-drop-cap{float:left;text-align:center;line-height:1;font-size:50px}.elementor-widget-text-editor .elementor-drop-cap-letter{display:inline-block}<\/style>\t\t\t\t<p class=\"cvGsUA direction-ltr align-start para-style-body\"><span class=\"OYPEnA font-feature-liga-off font-feature-clig-off font-feature-calt-off text-decoration-none text-strikethrough-none\">Les ter\u00e0pies neurocient\u00edfiques s\u00f3n aquelles metodologies de treball per al benestar hum\u00e0 (salut mental, emocional, corporal\u2026), que operen amb conceptes\/estrat\u00e8gies neurol\u00f2giques de forma impl\u00edcita. S\u00f3n ter\u00e0pies en qu\u00e8 es busca una harmonitzaci\u00f3 dels hemisferis, poder incidir d&#8217;una manera molt m\u00e9s directa al processament de les experi\u00e8ncies. Permet fer canvis sin\u00e0ptics i la relaxaci\u00f3 de parts del cervell com l&#8217;am\u00edgdala. Aquestes ter\u00e0pies treballen de manera cient\u00edfica, amb una base provada i els seus resultats s\u00f3n r\u00e0pids, profunds i duradors.<\/span><\/p><p class=\"cvGsUA direction-ltr align-start para-style-body\"><span class=\"OYPEnA font-feature-liga-off font-feature-clig-off font-feature-calt-off text-decoration-none text-strikethrough-none\">Les ter\u00e0pies neurocient\u00edfiques poden semblar miraculoses, per\u00f2 no ho s\u00f3n, al final el que permeten \u00e9s treballar amb una informaci\u00f3 o un coneixement que fa d\u00e8cades no es disposava (revoluci\u00f3 de les neuroci\u00e8ncies). A mesura que anem sabent m\u00e9s i m\u00e9s sobre el nostre cervell i sobre el seu funcionament, el nombre de ter\u00e0pies i de metodologies que treballen en aquests nivells augmentaran.<\/span><\/p><p class=\"cvGsUA direction-ltr align-start para-style-body\"><span class=\"OYPEnA font-feature-liga-off font-feature-clig-off font-feature-calt-off text-decoration-none text-strikethrough-none\">Algunes s\u00f3n:<\/span><\/p><p class=\"cvGsUA direction-ltr align-start para-style-body\"><strong><span class=\"OYPEnA font-feature-liga-off font-feature-clig-off font-feature-calt-off text-decoration-none text-strikethrough-none\">\u2013 EMDR (Desensibilitzaci\u00f3 i reprocessament per moviments oculars)<\/span><\/strong><\/p><p class=\"cvGsUA direction-ltr align-start para-style-body\"><strong><span class=\"OYPEnA font-feature-liga-off font-feature-clig-off font-feature-calt-off text-decoration-none text-strikethrough-none\">\u2013 Coaching Wingwave<\/span><\/strong><\/p><p class=\"cvGsUA direction-ltr align-start para-style-body\"><strong><span class=\"OYPEnA font-feature-liga-off font-feature-clig-off font-feature-calt-off text-decoration-none text-strikethrough-none\">\u2013 Brainspotting<\/span><\/strong><\/p><p class=\"cvGsUA direction-ltr align-start para-style-body\"><strong><span class=\"OYPEnA font-feature-liga-off font-feature-clig-off font-feature-calt-off text-decoration-none text-strikethrough-none\">&#8211; TIC (T\u00e8cniques d&#8217;integraci\u00f3 cerebral)<\/span><\/strong><\/p><p>\u00a0<\/p><h2 class=\"cvGsUA direction-ltr align-start para-style-body\"><strong><span class=\"OYPEnA font-feature-liga-off font-feature-clig-off font-feature-calt-off text-decoration-none text-strikethrough-none\">Qu\u00e8 s\u00f3n les Ter\u00e0pies Neurocient\u00edfiques?<\/span><\/strong><\/h2><p class=\"cvGsUA direction-ltr align-start para-style-body\"><span class=\"OYPEnA font-feature-liga-off font-feature-clig-off font-feature-calt-off text-decoration-none text-strikethrough-none\">La resposta \u00e9s al nostre cervell. Estem entrant en una era de grans canvis i pel nostre cervell aix\u00f2 suposa un gran repte. Hem d&#8217;actualitzar la nostra versi\u00f3 1.0 a la 2.0. Dir\u00edem que al camp de la Psicoter\u00e0pia encara estem una mica desactualitzats. Si a l&#8217;\u00e0mbit de la comunicaci\u00f3 disposem del correu electr\u00f2nic o les videoconfer\u00e8ncies, quin \u00e9s l&#8217;equivalent en el cas de la Psicologia cl\u00ednica?<\/span><\/p><p class=\"cvGsUA direction-ltr align-start para-style-body\"><span class=\"OYPEnA font-feature-liga-off font-feature-clig-off font-feature-calt-off text-decoration-none text-strikethrough-none\">La resposta s\u00f3n les Ter\u00e0pies Neurocient\u00edfiques o de Reprocessament. En aquesta societat de canvis continus i on s&#8217;apressa la recerca de solucions r\u00e0pides i efectives, aquestes ter\u00e0pies que provenen de les Neuroci\u00e8ncies estan donant una resposta molt bona.<\/span><\/p><p class=\"cvGsUA direction-ltr align-start para-style-body\"><span class=\"OYPEnA font-feature-liga-off font-feature-clig-off font-feature-calt-off text-decoration-none text-strikethrough-none\">Cada cop sabem m\u00e9s sobre el cervell, sobre el perqu\u00e8 de moltes de les nostres dificultats i trastorns, d&#8217;on provenen les nostres conductes i h\u00e0bits. Aquest saber ho estem aplicant a les sessions psicoterap\u00e8utiques.<\/span><\/p><p class=\"cvGsUA direction-ltr align-start para-style-body\"><span class=\"OYPEnA font-feature-liga-off font-feature-clig-off font-feature-calt-off text-decoration-none text-strikethrough-none\">Trencant amb la imatge del psic\u00f2leg freudi\u00e0 i del divan, ara tenim un nou cos de ter\u00e0pies que podrien ser la versi\u00f3 2.0 de la Psicologia.<\/span><\/p><p class=\"cvGsUA direction-ltr align-start para-style-body\"><span class=\"OYPEnA font-feature-liga-off font-feature-clig-off font-feature-calt-off text-decoration-none text-strikethrough-none\">Aquestes ter\u00e0pies treballen amb una s\u00e8rie de t\u00e8cniques i metodologies que ens permeten poder alliberar emocions, sensacions corporals i el malestar que pateix el pacient. Amb l&#8217;afegit que s\u00f3n r\u00e0pides i efectives, perqu\u00e8 treballen amb els darrers aven\u00e7os cient\u00edfics.<\/span><\/p><p class=\"cvGsUA direction-ltr align-start para-style-body\"><span class=\"OYPEnA font-feature-liga-off font-feature-clig-off font-feature-calt-off text-decoration-none text-strikethrough-none\">Ja no cal estar a consulta anys i anys. Podem accelerar el proc\u00e9s, ajudant que les persones que ho desitgin puguin superar aquella problem\u00e0tica que han anat suportant durant anys.<\/span><\/p><p class=\"cvGsUA direction-ltr align-start para-style-body\"><span class=\"OYPEnA font-feature-liga-off font-feature-clig-off font-feature-calt-off text-decoration-none text-strikethrough-none\">&#8212;&#8212;&#8212;&#8212;&#8212;&#8212;&#8212;&#8212;&#8212;&#8212;&#8212;&#8212;&#8212;&#8212;&#8212;&#8212;&#8212;&#8212;&#8212;&#8212;&#8212;&#8212;&#8212;&#8211;<\/span><\/p><h2 class=\"cvGsUA direction-ltr align-start para-style-body\"><strong><span class=\"OYPEnA font-feature-liga-off font-feature-clig-off font-feature-calt-off text-decoration-none text-strikethrough-none\">Com funcionen?<\/span><\/strong><\/h2><p class=\"cvGsUA direction-ltr align-start para-style-body\"><span class=\"OYPEnA font-feature-liga-off font-feature-clig-off font-feature-calt-off text-decoration-none text-strikethrough-none\">La metodologia m\u00e9s coneguda dins aquestes ter\u00e0pies \u00e9s la de l&#8217;EMDR (\u201cDesensibilitzaci\u00f3 i reprocessament a trav\u00e9s dels moviments oculars\u201d).<\/span><\/p><p class=\"cvGsUA direction-ltr align-start para-style-body\"><span class=\"OYPEnA font-feature-liga-off font-feature-clig-off font-feature-calt-off text-decoration-none text-strikethrough-none\">Aquesta ter\u00e0pia est\u00e0 reconeguda per l&#8217;OMS (Organitzaci\u00f3 Mundial de la Salut) com una pr\u00e0ctica d&#8217;\u00fas preferent davant d&#8217;esdeveniments traum\u00e0tics com ara conflictes b\u00e8l\u00b7lics, cat\u00e0strofes naturals o atemptats terroristes.<\/span><\/p><p class=\"cvGsUA direction-ltr align-start para-style-body\"><span class=\"OYPEnA font-feature-liga-off font-feature-clig-off font-feature-calt-off text-decoration-none text-strikethrough-none\">A m\u00e9s, s&#8217;utilitza a diferents hospitals d&#8217;Espanya com \u00e9s el cas de l&#8217;Hospital Cl\u00ednic de Barcelona, \u200b\u200ba la Unitat d&#8217;Agressions Sexuals.<\/span><\/p><p class=\"cvGsUA direction-ltr align-start para-style-body\"><span class=\"OYPEnA font-feature-liga-off font-feature-clig-off font-feature-calt-off text-decoration-none text-strikethrough-none\">L&#8217;EMDR funciona perqu\u00e8 emula els moviments que fem durant la fase REM del son. Cada nit quan dormim passem per una fase de son profund on movem els ulls de manera molt r\u00e0pida.<\/span><\/p><p class=\"cvGsUA direction-ltr align-start para-style-body\"><span class=\"OYPEnA font-feature-liga-off font-feature-clig-off font-feature-calt-off text-decoration-none text-strikethrough-none\">Tamb\u00e9 \u00e9s el moment quan somiem de manera m\u00e9s v\u00edvida i intensa. Amb aquesta metodologia, el Psic\u00f2leg demana al pacient que, amb els ulls oberts, segueixi els dits en horitzontal, mentre pensa en una situaci\u00f3 o record que sigui dolor\u00f3s.<\/span><\/p><p class=\"cvGsUA direction-ltr align-start para-style-body\"><span class=\"OYPEnA font-feature-liga-off font-feature-clig-off font-feature-calt-off text-decoration-none text-strikethrough-none\">El que passa al cervell de la persona \u00e9s que l&#8217;am\u00edgdala o la zona que gestiona les nostres emocions es relaxa. Aix\u00f2 ajuda a fer que tot l&#8217;organisme es pugui desestressar i finalment, la situaci\u00f3 o el record perdi intensitat.<\/span><\/p><p class=\"cvGsUA direction-ltr align-start para-style-body\"><span class=\"OYPEnA font-feature-liga-off font-feature-clig-off font-feature-calt-off text-decoration-none text-strikethrough-none\">Exemple de pr\u00e0ctica de l&#8217;EMDR<\/span><\/p><p class=\"cvGsUA direction-ltr align-start para-style-body\"><span class=\"OYPEnA font-feature-liga-off font-feature-clig-off font-feature-calt-off text-decoration-none text-strikethrough-none\">Amb l&#8217;EMDR no esborrem els records, el que permeten \u00e9s que la persona pugui contemplar la mateixa situaci\u00f3 amb l&#8217;alliberament conseq\u00fcent de les seves emocions, sensacions corporals de malestar i sense els pensaments negatius associats. \u00c9s com veure una pel\u00b7l\u00edcula de por, sentint-se&#8217;n un d&#8217;all\u00f2 m\u00e9s tranquil o relaxat. El resultat: ja no la interpretem com una pel\u00b7l\u00edcula de por, de manera que la podem tolerar i superar.<\/span><\/p><p class=\"cvGsUA direction-ltr align-start para-style-body\"><span class=\"OYPEnA font-feature-liga-off font-feature-clig-off font-feature-calt-off text-decoration-none text-strikethrough-none\">Segons la Dra, Francine Shapiro, creadora d&#8217;aquesta metodologia, els records que vivim s&#8217;emmagatzemen associant-se entre si, de manera que les nostres viv\u00e8ncies del passat poden estar influint en el que ens passa en el present. Per exemple alg\u00fa que t\u00e9 por dels espais tancats, com pujar-se a un ascensor, pot ser perqu\u00e8 en el passat va viure una experi\u00e8ncia traum\u00e0tica vinculada. Aquests records s\u00f3n accessibles i amb aquest moviment ocular r\u00e0pid es poden alliberar. El resultat \u00e9s que la persona encara que hagin passat molts anys, pot sentir que aquella ferida, finalment est\u00e0 tancada i superada.<\/span><\/p><p class=\"cvGsUA direction-ltr align-start para-style-body\"><span class=\"OYPEnA font-feature-liga-off font-feature-clig-off font-feature-calt-off text-decoration-none text-strikethrough-none\">&#8212;&#8212;&#8212;&#8212;&#8212;&#8212;&#8212;&#8212;&#8212;&#8212;&#8212;&#8212;&#8212;&#8212;&#8212;&#8212;&#8212;&#8212;&#8212;&#8212;&#8212;&#8212;&#8212;&#8212;&#8211;<\/span><\/p><h2 class=\"cvGsUA direction-ltr align-start para-style-body\"><strong><span class=\"OYPEnA font-feature-liga-off font-feature-clig-off font-feature-calt-off text-decoration-none text-strikethrough-none\">Les ter\u00e0pies d&#8217;integraci\u00f3 cerebral<\/span><\/strong><\/h2><p class=\"cvGsUA direction-ltr align-start para-style-body\"><span class=\"OYPEnA font-feature-liga-off font-feature-clig-off font-feature-calt-off text-decoration-none text-strikethrough-none\">En el mateix per\u00edode van sorgir les TIC, les Ter\u00e0pies d&#8217;Integraci\u00f3 Cerebral, amb el Dr. Pablo Solvey i la Dra. Raquel Ferrazzano de Solvey, que sostenen que quan patim estr\u00e8s o de qualsevol altra classe de dificultat, els nostres hemisferis es desincronitzen. El treball que fem a trav\u00e9s de la t\u00e8cnica de les ulleres hemisf\u00e8riques i la t\u00e8cnica d&#8217;un ull per veu, \u00e9s estimular alternativament l&#8217;hemisferi esquerre i l&#8217;hemisferi dret perqu\u00e8 es tornin a sincronitzar, aconseguint aix\u00ed un reprocessament de l&#8217;experi\u00e8ncia. Tamb\u00e9 els estudis proven que cada hemisferi percep l&#8217;experi\u00e8ncia d&#8217;una manera particular, i que quan tots dos s&#8217;integren \u00e9s quan podem superar aquest conflicte o aquesta pertorbaci\u00f3. Amb la sincronitzaci\u00f3 hemisf\u00e8rica es facilita el canvi dels estadis d&#8217;ona cerebral, tot reduint els nivells de pertorbaci\u00f3.<\/span><\/p><h2 class=\"cvGsUA direction-ltr align-start para-style-body\"><strong><span class=\"OYPEnA font-feature-liga-off font-feature-clig-off font-feature-calt-off text-decoration-none text-strikethrough-none\">El Brainspotting<\/span><\/strong><\/h2><p class=\"cvGsUA direction-ltr align-start para-style-body\"><span class=\"OYPEnA font-feature-liga-off font-feature-clig-off font-feature-calt-off text-decoration-none text-strikethrough-none\">I finalment a l&#8217;any 2003, va n\u00e9ixer el Brainspotting, amb el Dr. David Grand qui treballant amb EMDR va descobrir els Brainspots, o punts d&#8217;acc\u00e9s a l&#8217;experi\u00e8ncia. S\u00f3n posicions oculars on la persona manifesta m\u00e9s activaci\u00f3 o c\u00e0rrega de material emocional. Podem detectar un Brainspot mitjan\u00e7ant una vara o punter, explorant els diferents eixos (\u201ceix x\u201d en horitzontal, \u201ceix y\u201d en vertical i \u201ceix z\u201d en profunditat). Un cop es connecta amb l&#8217;experi\u00e8ncia se li demana a la persona que observi aquesta emoci\u00f3 o situaci\u00f3 sense cap mena de judici (Mindfulness enfocat). El treball de la sintonia dual (client \u2013 \u200b\u200bterapeuta) i la sintonia neurol\u00f2gica (enfocar on \u00e9s el problema i portar els recursos disponibles per al seu reprocessament i resoluci\u00f3), permet que la persona pugui treballar el que ha passat fins que no hi hagi cap sensaci\u00f3, emoci\u00f3 o pensament de pertorbaci\u00f3. Amb l&#8217;autoobservaci\u00f3 de les sensacions, permetem que hi hagi un descens de la pertorbaci\u00f3, sobretot a les estructures subcorticals del cervell. \u00c9s per aix\u00f2 que el reprocessament \u00e9s m\u00e9s profund.<\/span><\/p><p class=\"cvGsUA direction-ltr align-start para-style-body\"><span class=\"OYPEnA font-feature-liga-off font-feature-clig-off font-feature-calt-off text-decoration-none text-strikethrough-none\">Totes aquestes ter\u00e0pies representen nous reptes per als psic\u00f2legs i els terapeutes de la salut. De vegades podem ser poc inclinats a creure que un trauma de molts anys es pot superar amb unes poques sessions, per\u00f2 la veritat, \u00e9s que el cervell disposa de tots els mecanismes d&#8217;autocuraci\u00f3 necessaris per poder reprocessar-lo, nom\u00e9s els hem d&#8217;aprofitar i potenciar.<\/span><\/p>\t\t\t\t\t\t<\/div>\n\t\t\t\t<\/div>\n\t\t\t\t\t<\/div>\n\t\t\t\t<\/div>\n\t\t\t\t<\/div>","protected":false},"excerpt":{"rendered":"<p>TER\u00c0PIA NEUROCIENT\u00cdFICA Les ter\u00e0pies neurocient\u00edfiques s\u00f3n aquelles metodologies de treball per al benestar hum\u00e0 (salut mental, emocional, corporal\u2026), que operen amb conceptes\/estrat\u00e8gies neurol\u00f2giques de forma impl\u00edcita. S\u00f3n ter\u00e0pies en qu\u00e8 es busca una harmonitzaci\u00f3 dels hemisferis, poder incidir d&#8217;una manera molt m\u00e9s directa al processament de les experi\u00e8ncies. Permet fer canvis sin\u00e0ptics i la relaxaci\u00f3 [&hellip;]<\/p>","protected":false},"author":1,"featured_media":0,"parent":0,"menu_order":0,"comment_status":"closed","ping_status":"closed","template":"","meta":{"episode_type":"","audio_file":"","cover_image":"","cover_image_id":"","duration":"","filesize":"","date_recorded":"","explicit":"","block":"","filesize_raw":"","footnotes":""},"class_list":["post-120","page","type-page","status-publish","hentry"],"_links":{"self":[{"href":"https:\/\/joseptorrents.pro\/es\/wp-json\/wp\/v2\/pages\/120","targetHints":{"allow":["GET"]}}],"collection":[{"href":"https:\/\/joseptorrents.pro\/es\/wp-json\/wp\/v2\/pages"}],"about":[{"href":"https:\/\/joseptorrents.pro\/es\/wp-json\/wp\/v2\/types\/page"}],"author":[{"embeddable":true,"href":"https:\/\/joseptorrents.pro\/es\/wp-json\/wp\/v2\/users\/1"}],"replies":[{"embeddable":true,"href":"https:\/\/joseptorrents.pro\/es\/wp-json\/wp\/v2\/comments?post=120"}],"version-history":[{"count":10,"href":"https:\/\/joseptorrents.pro\/es\/wp-json\/wp\/v2\/pages\/120\/revisions"}],"predecessor-version":[{"id":1267,"href":"https:\/\/joseptorrents.pro\/es\/wp-json\/wp\/v2\/pages\/120\/revisions\/1267"}],"wp:attachment":[{"href":"https:\/\/joseptorrents.pro\/es\/wp-json\/wp\/v2\/media?parent=120"}],"curies":[{"name":"wp","href":"https:\/\/api.w.org\/{rel}","templated":true}]}}